{"id":1032,"date":"2024-04-08T09:20:21","date_gmt":"2024-04-08T09:20:21","guid":{"rendered":"https:\/\/dishify.wpthemeverse.com\/?page_id=1032"},"modified":"2025-11-20T14:24:38","modified_gmt":"2025-11-20T14:24:38","slug":"contactos","status":"publish","type":"page","link":"https:\/\/moinhonovotentugal.pt\/en\/contactos\/","title":{"rendered":"Contactos"},"content":{"rendered":"<div data-elementor-type=\"wp-page\" data-elementor-id=\"1032\" class=\"elementor elementor-1032\" data-elementor-post-type=\"page\">\n\t\t\t\t\t\t<section class=\"elementor-section elementor-top-section elementor-element elementor-element-2d138aa elementor-section-full_width elementor-section-height-default elementor-section-height-default sisf-elementor-content-no\" data-id=\"2d138aa\" data-element_type=\"section\" data-settings=\"{&quot;background_background&quot;:&quot;classic&quot;}\">\n\t\t\t\t\t\t<div class=\"elementor-container elementor-column-gap-default\">\n\t\t\t\t\t<div class=\"elementor-column elementor-col-100 elementor-top-column elementor-element elementor-element-80676de\" data-id=\"80676de\" data-element_type=\"column\">\n\t\t\t<div class=\"elementor-widget-wrap elementor-element-populated\">\n\t\t\t\t\t\t<section class=\"elementor-section elementor-inner-section elementor-element elementor-element-64024b9 elementor-section-full_width elementor-section-content-middle elementor-section-height-default elementor-section-height-default sisf-elementor-content-no\" data-id=\"64024b9\" data-element_type=\"section\">\n\t\t\t\t\t\t<div class=\"elementor-container elementor-column-gap-default\">\n\t\t\t\t\t<div class=\"elementor-column elementor-col-33 elementor-inner-column elementor-element elementor-element-d56d266 elementor-hidden-mobile\" data-id=\"d56d266\" data-element_type=\"column\">\n\t\t\t<div class=\"elementor-widget-wrap\">\n\t\t\t\t\t\t\t<\/div>\n\t\t<\/div>\n\t\t\t\t<div class=\"elementor-column elementor-col-33 elementor-inner-column elementor-element elementor-element-5497452\" data-id=\"5497452\" data-element_type=\"column\">\n\t\t\t<div class=\"elementor-widget-wrap elementor-element-populated\">\n\t\t\t\t\t\t<div class=\"elementor-element elementor-element-ee0f335 elementor-widget elementor-widget-sis_addons_for_elementor_section_title\" data-id=\"ee0f335\" data-element_type=\"widget\" data-widget_type=\"sis_addons_for_elementor_section_title.default\">\n\t\t\t\t<div class=\"elementor-widget-container\">\n\t\t\t\t\t<div class=\"sisf-shortcode sisf-m sisf-center-text sisf-sis-section-title sisf-title-break--disabled sisf-decoration--italic  sisf-link--underline-draw sisf-subtitle-icon--right\">\n\t\t\t\t<h6 class=\"sisf-m-subtitle\">\n\t\tConfian\u00e7a &amp; Disponibilidade\t\t\t<\/h6>\n\t\t\t<h2 class=\"sisf-m-title\">\n\t\tEntre em Contacto Connosco\t<\/h2>\n\t\t\t<div class=\"sisf-m-text\"><p>Todas as informa\u00e7\u00f5es necess\u00e1rias para chegar at\u00e9 n\u00f3s e esclarecer qualquer d\u00favida. Quer deseje fazer uma reserva, encomendar os nossos doces ou saber mais sobre o Moinho Novo, estamos aqui para ajudar! Entre em contacto connosco e teremos todo o gosto em atender \u00e0s suas necessidades.<\/p><\/div>\n\t<\/div>\n\t\t\t\t<\/div>\n\t\t\t\t<\/div>\n\t\t\t\t\t<\/div>\n\t\t<\/div>\n\t\t\t\t<div class=\"elementor-column elementor-col-33 elementor-inner-column elementor-element elementor-element-caa198e\" data-id=\"caa198e\" data-element_type=\"column\">\n\t\t\t<div class=\"elementor-widget-wrap\">\n\t\t\t\t\t\t\t<\/div>\n\t\t<\/div>\n\t\t\t\t\t<\/div>\n\t\t<\/section>\n\t\t\t\t\t<\/div>\n\t\t<\/div>\n\t\t\t\t\t<\/div>\n\t\t<\/section>\n\t\t\t\t<section class=\"elementor-section elementor-top-section elementor-element elementor-element-cfd70b2 elementor-section-content-middle sisf-elementor-content-grid elementor-section-boxed elementor-section-height-default elementor-section-height-default\" data-id=\"cfd70b2\" data-element_type=\"section\" data-settings=\"{&quot;background_background&quot;:&quot;classic&quot;}\">\n\t\t\t\t\t\t<div class=\"elementor-container elementor-column-gap-default\">\n\t\t\t\t\t<div class=\"elementor-column elementor-col-50 elementor-top-column elementor-element elementor-element-b13f232\" data-id=\"b13f232\" data-element_type=\"column\">\n\t\t\t<div class=\"elementor-widget-wrap elementor-element-populated\">\n\t\t\t\t\t\t<div class=\"elementor-element elementor-element-168b468 elementor-invisible elementor-widget elementor-widget-sis_addons_for_elementor_parallax_images\" data-id=\"168b468\" data-element_type=\"widget\" data-settings=\"{&quot;_animation&quot;:&quot;slideInLeft&quot;}\" data-widget_type=\"sis_addons_for_elementor_parallax_images.default\">\n\t\t\t\t<div class=\"elementor-widget-container\">\n\t\t\t\t\t<div class=\"sisf-shortcode sisf-m  sisf-sis-parallax-images sisf-layout--default\">\n\t<div class=\"sisf-m-images\">\n\t\t<div class=\"sisf-e-main-image-holder\">\n\t\t\t<div class=\"sisf-e-main-image-zoom-holder\">\n\t\t\t\t\t\t\t\t\t<div class=\"sisf-e-main-image\" data-parallax-main=\"-20\">\n\t\t\t\t\t\t<img fetchpriority=\"high\" decoding=\"async\" width=\"2560\" height=\"1707\" src=\"https:\/\/moinhonovotentugal.pt\/wp-content\/uploads\/2024\/10\/IMG_8519-scaled.jpg\" class=\"attachment-full size-full\" alt=\"\" srcset=\"https:\/\/moinhonovotentugal.pt\/wp-content\/uploads\/2024\/10\/IMG_8519-scaled.jpg 2560w, https:\/\/moinhonovotentugal.pt\/wp-content\/uploads\/2024\/10\/IMG_8519-300x200.jpg 300w, https:\/\/moinhonovotentugal.pt\/wp-content\/uploads\/2024\/10\/IMG_8519-1024x683.jpg 1024w, https:\/\/moinhonovotentugal.pt\/wp-content\/uploads\/2024\/10\/IMG_8519-768x512.jpg 768w, https:\/\/moinhonovotentugal.pt\/wp-content\/uploads\/2024\/10\/IMG_8519-1536x1024.jpg 1536w, https:\/\/moinhonovotentugal.pt\/wp-content\/uploads\/2024\/10\/IMG_8519-2048x1365.jpg 2048w, https:\/\/moinhonovotentugal.pt\/wp-content\/uploads\/2024\/10\/IMG_8519-600x400.jpg 600w\" sizes=\"(max-width: 2560px) 100vw, 2560px\" \/>\t\t\t\t\t<\/div>\n\t\t\t\t\t\t\t<\/div>\n\t\t<\/div>\n\t\t\t\t\t\t\t\t\t\t\t\t\t<div class=\"sisf-e-parallax-image sisf-position--bottom-left elementor-repeater-item-24f4b0c\" >\n\t\t\t\t\t\t\t\t\t<\/div>\n\t\t\t\t\t\t<\/div>\n<\/div>\n\t\t\t\t<\/div>\n\t\t\t\t<\/div>\n\t\t\t\t\t<\/div>\n\t\t<\/div>\n\t\t\t\t<div class=\"elementor-column elementor-col-50 elementor-top-column elementor-element elementor-element-c3205e2\" data-id=\"c3205e2\" data-element_type=\"column\" data-settings=\"{&quot;background_background&quot;:&quot;classic&quot;}\">\n\t\t\t<div class=\"elementor-widget-wrap elementor-element-populated\">\n\t\t\t\t\t\t<section class=\"elementor-section elementor-inner-section elementor-element elementor-element-b3a3fcf elementor-section-boxed elementor-section-height-default elementor-section-height-default sisf-elementor-content-no\" data-id=\"b3a3fcf\" data-element_type=\"section\">\n\t\t\t\t\t\t<div class=\"elementor-container elementor-column-gap-default\">\n\t\t\t\t\t<div class=\"elementor-column elementor-col-50 elementor-inner-column elementor-element elementor-element-fd2d841\" data-id=\"fd2d841\" data-element_type=\"column\">\n\t\t\t<div class=\"elementor-widget-wrap elementor-element-populated\">\n\t\t\t\t\t\t<div class=\"elementor-element elementor-element-91e7c49 elementor-invisible elementor-widget elementor-widget-sis_addons_for_elementor_icon_with_text\" data-id=\"91e7c49\" data-element_type=\"widget\" data-settings=\"{&quot;_animation&quot;:&quot;rotateInDownLeft&quot;}\" data-widget_type=\"sis_addons_for_elementor_icon_with_text.default\">\n\t\t\t\t<div class=\"elementor-widget-container\">\n\t\t\t\t\t<div class=\"sisf-shortcode sisf-m  sisf-sis-icon-with-text sisf-layout--top    sisf-- sisf-alignment--left\" >\n\t\t<div class=\"sisf-m-content\">\n\t\t\t\t\t<h3 class=\"sisf-m-title\">\n\t\t\t\t\t<span class=\"sisf-m-title-text\">MORADA<\/span>\n\t\t\t<\/h3>\n\t\t\t<div class=\"sisf-m-text\"><p>Rua da Do\u00e7aria Conventual, 320<br \/>3140 - 563 Tent\u00fagal<\/p><\/div>\n\t\t\t<\/div>\n<\/div>\n\t\t\t\t<\/div>\n\t\t\t\t<\/div>\n\t\t\t\t\t<\/div>\n\t\t<\/div>\n\t\t\t\t<div class=\"elementor-column elementor-col-50 elementor-inner-column elementor-element elementor-element-ddc59ee\" data-id=\"ddc59ee\" data-element_type=\"column\">\n\t\t\t<div class=\"elementor-widget-wrap elementor-element-populated\">\n\t\t\t\t\t\t<div class=\"elementor-element elementor-element-50acefc elementor-absolute elementor-invisible elementor-widget elementor-widget-sis_addons_for_elementor_icon_with_text\" data-id=\"50acefc\" data-element_type=\"widget\" data-settings=\"{&quot;_animation&quot;:&quot;rotateInDownLeft&quot;,&quot;_position&quot;:&quot;absolute&quot;}\" data-widget_type=\"sis_addons_for_elementor_icon_with_text.default\">\n\t\t\t\t<div class=\"elementor-widget-container\">\n\t\t\t\t\t<div class=\"sisf-shortcode sisf-m  sisf-sis-icon-with-text sisf-layout--top    sisf-- sisf-alignment--left\" >\n\t\t<div class=\"sisf-m-content\">\n\t\t\t\t\t<h3 class=\"sisf-m-title\">\n\t\t\t\t\t<span class=\"sisf-m-title-text\">ACOMPANHA<\/span>\n\t\t\t<\/h3>\n\t\t\t\t\t<\/div>\n<\/div>\n\t\t\t\t<\/div>\n\t\t\t\t<\/div>\n\t\t\t\t<div class=\"elementor-element elementor-element-106c7ca elementor-shape-square e-grid-align-left elementor-grid-0 elementor-widget elementor-widget-social-icons\" data-id=\"106c7ca\" data-element_type=\"widget\" data-widget_type=\"social-icons.default\">\n\t\t\t\t<div class=\"elementor-widget-container\">\n\t\t\t\t\t\t\t<div class=\"elementor-social-icons-wrapper elementor-grid\" role=\"list\">\n\t\t\t\t\t\t\t<span class=\"elementor-grid-item\" role=\"listitem\">\n\t\t\t\t\t<a class=\"elementor-icon elementor-social-icon elementor-social-icon-facebook elementor-repeater-item-9db31f2\" href=\"https:\/\/www.facebook.com\/moinhonovotentugal\" target=\"_blank\" rel=\"noopener\">\n\t\t\t\t\t\t<span class=\"elementor-screen-only\">Facebook<\/span>\n\t\t\t\t\t\t<svg aria-hidden=\"true\" class=\"e-font-icon-svg e-fab-facebook\" viewbox=\"0 0 512 512\" xmlns=\"http:\/\/www.w3.org\/2000\/svg\"><path d=\"M504 256C504 119 393 8 256 8S8 119 8 256c0 123.78 90.69 226.38 209.25 245V327.69h-63V256h63v-54.64c0-62.15 37-96.48 93.67-96.48 27.14 0 55.52 4.84 55.52 4.84v61h-31.28c-30.8 0-40.41 19.12-40.41 38.73V256h68.78l-11 71.69h-57.78V501C413.31 482.38 504 379.78 504 256z\"><\/path><\/svg>\t\t\t\t\t<\/a>\n\t\t\t\t<\/span>\n\t\t\t\t\t\t\t<span class=\"elementor-grid-item\" role=\"listitem\">\n\t\t\t\t\t<a class=\"elementor-icon elementor-social-icon elementor-social-icon-instagram elementor-repeater-item-ab969b6\" href=\"https:\/\/www.instagram.com\/moinhonovotentugal\" target=\"_blank\" rel=\"noopener\">\n\t\t\t\t\t\t<span class=\"elementor-screen-only\">Instagram<\/span>\n\t\t\t\t\t\t<svg aria-hidden=\"true\" class=\"e-font-icon-svg e-fab-instagram\" viewbox=\"0 0 448 512\" xmlns=\"http:\/\/www.w3.org\/2000\/svg\"><path d=\"M224.1 141c-63.6 0-114.9 51.3-114.9 114.9s51.3 114.9 114.9 114.9S339 319.5 339 255.9 287.7 141 224.1 141zm0 189.6c-41.1 0-74.7-33.5-74.7-74.7s33.5-74.7 74.7-74.7 74.7 33.5 74.7 74.7-33.6 74.7-74.7 74.7zm146.4-194.3c0 14.9-12 26.8-26.8 26.8-14.9 0-26.8-12-26.8-26.8s12-26.8 26.8-26.8 26.8 12 26.8 26.8zm76.1 27.2c-1.7-35.9-9.9-67.7-36.2-93.9-26.2-26.2-58-34.4-93.9-36.2-37-2.1-147.9-2.1-184.9 0-35.8 1.7-67.6 9.9-93.9 36.1s-34.4 58-36.2 93.9c-2.1 37-2.1 147.9 0 184.9 1.7 35.9 9.9 67.7 36.2 93.9s58 34.4 93.9 36.2c37 2.1 147.9 2.1 184.9 0 35.9-1.7 67.7-9.9 93.9-36.2 26.2-26.2 34.4-58 36.2-93.9 2.1-37 2.1-147.8 0-184.8zM398.8 388c-7.8 19.6-22.9 34.7-42.6 42.6-29.5 11.7-99.5 9-132.1 9s-102.7 2.6-132.1-9c-19.6-7.8-34.7-22.9-42.6-42.6-11.7-29.5-9-99.5-9-132.1s-2.6-102.7 9-132.1c7.8-19.6 22.9-34.7 42.6-42.6 29.5-11.7 99.5-9 132.1-9s102.7-2.6 132.1 9c19.6 7.8 34.7 22.9 42.6 42.6 11.7 29.5 9 99.5 9 132.1s2.7 102.7-9 132.1z\"><\/path><\/svg>\t\t\t\t\t<\/a>\n\t\t\t\t<\/span>\n\t\t\t\t\t<\/div>\n\t\t\t\t\t\t<\/div>\n\t\t\t\t<\/div>\n\t\t\t\t\t<\/div>\n\t\t<\/div>\n\t\t\t\t\t<\/div>\n\t\t<\/section>\n\t\t\t\t<section class=\"elementor-section elementor-inner-section elementor-element elementor-element-7f43621 elementor-section-boxed elementor-section-height-default elementor-section-height-default sisf-elementor-content-no\" data-id=\"7f43621\" data-element_type=\"section\">\n\t\t\t\t\t\t<div class=\"elementor-container elementor-column-gap-default\">\n\t\t\t\t\t<div class=\"elementor-column elementor-col-50 elementor-inner-column elementor-element elementor-element-fb76ae2\" data-id=\"fb76ae2\" data-element_type=\"column\">\n\t\t\t<div class=\"elementor-widget-wrap elementor-element-populated\">\n\t\t\t\t\t\t<div class=\"elementor-element elementor-element-22f2bf4 elementor-invisible elementor-widget elementor-widget-sis_addons_for_elementor_icon_with_text\" data-id=\"22f2bf4\" data-element_type=\"widget\" data-settings=\"{&quot;_animation&quot;:&quot;rotateInDownLeft&quot;}\" data-widget_type=\"sis_addons_for_elementor_icon_with_text.default\">\n\t\t\t\t<div class=\"elementor-widget-container\">\n\t\t\t\t\t<div class=\"sisf-shortcode sisf-m  sisf-sis-icon-with-text sisf-layout--top    sisf-- sisf-alignment--left\" >\n\t\t<div class=\"sisf-m-content\">\n\t\t\t\t\t<h3 class=\"sisf-m-title\">\n\t\t\t\t\t<span class=\"sisf-m-title-text\">CONTACTOS<\/span>\n\t\t\t<\/h3>\n\t\t\t<div class=\"sisf-m-text\"><p>+351 239 951 689<br \/>(Chamada rede fixa nacional)<br \/>+351 910 721 258<br \/>(Chamada rede m\u00f3vel nacional)<br \/>geral@moinhonovotentugal.pt<\/p><\/div>\n\t\t\t<\/div>\n<\/div>\n\t\t\t\t<\/div>\n\t\t\t\t<\/div>\n\t\t\t\t\t<\/div>\n\t\t<\/div>\n\t\t\t\t<div class=\"elementor-column elementor-col-50 elementor-inner-column elementor-element elementor-element-d04fac1\" data-id=\"d04fac1\" data-element_type=\"column\">\n\t\t\t<div class=\"elementor-widget-wrap elementor-element-populated\">\n\t\t\t\t\t\t<div class=\"elementor-element elementor-element-c85d727 elementor-invisible elementor-widget elementor-widget-sis_addons_for_elementor_icon_with_text\" data-id=\"c85d727\" data-element_type=\"widget\" data-settings=\"{&quot;_animation&quot;:&quot;rotateInDownLeft&quot;,&quot;_animation_tablet&quot;:&quot;rotateInDownRight&quot;}\" data-widget_type=\"sis_addons_for_elementor_icon_with_text.default\">\n\t\t\t\t<div class=\"elementor-widget-container\">\n\t\t\t\t\t<div class=\"sisf-shortcode sisf-m  sisf-sis-icon-with-text sisf-layout--top    sisf-- sisf-alignment--left\" >\n\t\t<div class=\"sisf-m-content\">\n\t\t\t\t\t<h3 class=\"sisf-m-title\">\n\t\t\t\t\t<span class=\"sisf-m-title-text\">HOR\u00c1RIO<\/span>\n\t\t\t<\/h3>\n\t\t\t<div class=\"sisf-m-text\"><p>Todos os dias<br \/>6:00 - 21:00<\/p><\/div>\n\t\t\t<\/div>\n<\/div>\n\t\t\t\t<\/div>\n\t\t\t\t<\/div>\n\t\t\t\t\t<\/div>\n\t\t<\/div>\n\t\t\t\t\t<\/div>\n\t\t<\/section>\n\t\t\t\t\t<\/div>\n\t\t<\/div>\n\t\t\t\t\t<\/div>\n\t\t<\/section>\n\t\t\t\t<section class=\"elementor-section elementor-top-section elementor-element elementor-element-a9972d0 sisf-elementor-content-grid elementor-section-boxed elementor-section-height-default elementor-section-height-default\" data-id=\"a9972d0\" data-element_type=\"section\" data-settings=\"{&quot;background_background&quot;:&quot;classic&quot;}\">\n\t\t\t\t\t\t<div class=\"elementor-container elementor-column-gap-default\">\n\t\t\t\t\t<div class=\"elementor-column elementor-col-50 elementor-top-column elementor-element elementor-element-a0bdd4f\" data-id=\"a0bdd4f\" data-element_type=\"column\">\n\t\t\t<div class=\"elementor-widget-wrap elementor-element-populated\">\n\t\t\t\t\t\t<div class=\"elementor-element elementor-element-dabf17e elementor-invisible elementor-widget elementor-widget-google_maps\" data-id=\"dabf17e\" data-element_type=\"widget\" data-settings=\"{&quot;_animation&quot;:&quot;zoomIn&quot;}\" data-widget_type=\"google_maps.default\">\n\t\t\t\t<div class=\"elementor-widget-container\">\n\t\t\t\t\t\t\t<div class=\"elementor-custom-embed\">\n\t\t\t<iframe loading=\"lazy\"\n\t\t\t\t\tsrc=\"https:\/\/maps.google.com\/maps?q=Rua%20da%20Do%C3%A7aria%20Conventual%2C%20320%203140%20-%20563%20Tent%C3%BAgal&#038;t=m&#038;z=10&#038;output=embed&#038;iwloc=near\"\n\t\t\t\t\ttitle=\"Rua da Do\u00e7aria Conventual, 320 3140 - 563 Tent\u00fagal\"\n\t\t\t\t\taria-label=\"Rua da Do\u00e7aria Conventual, 320 3140 - 563 Tent\u00fagal\"\n\t\t\t><\/iframe>\n\t\t<\/div>\n\t\t\t\t\t\t<\/div>\n\t\t\t\t<\/div>\n\t\t\t\t\t<\/div>\n\t\t<\/div>\n\t\t\t\t<div class=\"elementor-column elementor-col-50 elementor-top-column elementor-element elementor-element-98efc64\" data-id=\"98efc64\" data-element_type=\"column\">\n\t\t\t<div class=\"elementor-widget-wrap elementor-element-populated\">\n\t\t\t\t\t\t<div class=\"elementor-element elementor-element-13b8dbc elementor-invisible elementor-widget elementor-widget-sis_addons_for_elementor_section_title\" data-id=\"13b8dbc\" data-element_type=\"widget\" data-settings=\"{&quot;_animation&quot;:&quot;slideInRight&quot;}\" data-widget_type=\"sis_addons_for_elementor_section_title.default\">\n\t\t\t\t<div class=\"elementor-widget-container\">\n\t\t\t\t\t<div class=\"sisf-shortcode sisf-m  sisf-sis-section-title sisf-title-break--disabled sisf-decoration--italic  sisf-link--underline-draw sisf-subtitle-icon--right\">\n\t\t\t\t\t\t<h2 class=\"sisf-m-title\">\n\t\tEstamos AQUI para si\t<\/h2>\n\t\t\t<div class=\"sisf-m-text\"><p>Entendemos que suas necessidades s\u00e3o importantes e estamos aqui para ajud\u00e1-lo em cada etapa do processo. A nossa equipa est\u00e1 comprometida em fornecer um suporte de alto n\u00edvel e responder a quaisquer d\u00favidas ou preocupa\u00e7\u00f5es que possa ter.<\/p><\/div>\n\t<\/div>\n\t\t\t\t<\/div>\n\t\t\t\t<\/div>\n\t\t\t\t<div class=\"elementor-element elementor-element-a7c6ac3 elementor-shape-square e-grid-align-left elementor-grid-0 elementor-invisible elementor-widget elementor-widget-social-icons\" data-id=\"a7c6ac3\" data-element_type=\"widget\" data-settings=\"{&quot;_animation&quot;:&quot;zoomIn&quot;}\" data-widget_type=\"social-icons.default\">\n\t\t\t\t<div class=\"elementor-widget-container\">\n\t\t\t\t\t\t\t<div class=\"elementor-social-icons-wrapper elementor-grid\" role=\"list\">\n\t\t\t\t\t\t\t<span class=\"elementor-grid-item\" role=\"listitem\">\n\t\t\t\t\t<a class=\"elementor-icon elementor-social-icon elementor-social-icon-facebook elementor-animation-float elementor-repeater-item-bc900d1\" href=\"https:\/\/www.facebook.com\/moinhonovotentugal\" target=\"_blank\" rel=\"noopener\">\n\t\t\t\t\t\t<span class=\"elementor-screen-only\">Facebook<\/span>\n\t\t\t\t\t\t<svg aria-hidden=\"true\" class=\"e-font-icon-svg e-fab-facebook\" viewbox=\"0 0 512 512\" xmlns=\"http:\/\/www.w3.org\/2000\/svg\"><path d=\"M504 256C504 119 393 8 256 8S8 119 8 256c0 123.78 90.69 226.38 209.25 245V327.69h-63V256h63v-54.64c0-62.15 37-96.48 93.67-96.48 27.14 0 55.52 4.84 55.52 4.84v61h-31.28c-30.8 0-40.41 19.12-40.41 38.73V256h68.78l-11 71.69h-57.78V501C413.31 482.38 504 379.78 504 256z\"><\/path><\/svg>\t\t\t\t\t<\/a>\n\t\t\t\t<\/span>\n\t\t\t\t\t\t\t<span class=\"elementor-grid-item\" role=\"listitem\">\n\t\t\t\t\t<a class=\"elementor-icon elementor-social-icon elementor-social-icon-instagram elementor-animation-float elementor-repeater-item-7c1c0d4\" href=\"https:\/\/www.instagram.com\/moinhonovotentugal\/\" target=\"_blank\" rel=\"noopener\">\n\t\t\t\t\t\t<span class=\"elementor-screen-only\">Instagram<\/span>\n\t\t\t\t\t\t<svg aria-hidden=\"true\" class=\"e-font-icon-svg e-fab-instagram\" viewbox=\"0 0 448 512\" xmlns=\"http:\/\/www.w3.org\/2000\/svg\"><path d=\"M224.1 141c-63.6 0-114.9 51.3-114.9 114.9s51.3 114.9 114.9 114.9S339 319.5 339 255.9 287.7 141 224.1 141zm0 189.6c-41.1 0-74.7-33.5-74.7-74.7s33.5-74.7 74.7-74.7 74.7 33.5 74.7 74.7-33.6 74.7-74.7 74.7zm146.4-194.3c0 14.9-12 26.8-26.8 26.8-14.9 0-26.8-12-26.8-26.8s12-26.8 26.8-26.8 26.8 12 26.8 26.8zm76.1 27.2c-1.7-35.9-9.9-67.7-36.2-93.9-26.2-26.2-58-34.4-93.9-36.2-37-2.1-147.9-2.1-184.9 0-35.8 1.7-67.6 9.9-93.9 36.1s-34.4 58-36.2 93.9c-2.1 37-2.1 147.9 0 184.9 1.7 35.9 9.9 67.7 36.2 93.9s58 34.4 93.9 36.2c37 2.1 147.9 2.1 184.9 0 35.9-1.7 67.7-9.9 93.9-36.2 26.2-26.2 34.4-58 36.2-93.9 2.1-37 2.1-147.8 0-184.8zM398.8 388c-7.8 19.6-22.9 34.7-42.6 42.6-29.5 11.7-99.5 9-132.1 9s-102.7 2.6-132.1-9c-19.6-7.8-34.7-22.9-42.6-42.6-11.7-29.5-9-99.5-9-132.1s-2.6-102.7 9-132.1c7.8-19.6 22.9-34.7 42.6-42.6 29.5-11.7 99.5-9 132.1-9s102.7-2.6 132.1 9c19.6 7.8 34.7 22.9 42.6 42.6 11.7 29.5 9 99.5 9 132.1s2.7 102.7-9 132.1z\"><\/path><\/svg>\t\t\t\t\t<\/a>\n\t\t\t\t<\/span>\n\t\t\t\t\t<\/div>\n\t\t\t\t\t\t<\/div>\n\t\t\t\t<\/div>\n\t\t\t\t<div class=\"elementor-element elementor-element-55a5dc9 elementor-invisible elementor-widget elementor-widget-sis_addons_for_elementor_contact_form_7\" data-id=\"55a5dc9\" data-element_type=\"widget\" data-settings=\"{&quot;_animation&quot;:&quot;bounceInRight&quot;}\" data-widget_type=\"sis_addons_for_elementor_contact_form_7.default\">\n\t\t\t\t<div class=\"elementor-widget-container\">\n\t\t\t\t\t<div class=\"sisf-shortcode sisf-m  sisf-sis-contact-form-7\">\n\t\n<div class=\"wpcf7 no-js\" id=\"wpcf7-f15-o1\" lang=\"pt-PT\" dir=\"ltr\" data-wpcf7-id=\"15\">\n<div class=\"screen-reader-response\"><p role=\"status\" aria-live=\"polite\" aria-atomic=\"true\"><\/p> <ul><\/ul><\/div>\n<form action=\"\/en\/wp-json\/wp\/v2\/pages\/1032#wpcf7-f15-o1\" method=\"post\" class=\"wpcf7-form init\" aria-label=\"Formul\u00e1rio de contacto\" novalidate=\"novalidate\" data-status=\"init\" data-trp-original-action=\"\/en\/wp-json\/wp\/v2\/pages\/1032#wpcf7-f15-o1\">\n<fieldset class=\"hidden-fields-container\"><input type=\"hidden\" name=\"_wpcf7\" value=\"15\" \/><input type=\"hidden\" name=\"_wpcf7_version\" value=\"6.1.4\" \/><input type=\"hidden\" name=\"_wpcf7_locale\" value=\"pt_PT\" \/><input type=\"hidden\" name=\"_wpcf7_unit_tag\" value=\"wpcf7-f15-o1\" \/><input type=\"hidden\" name=\"_wpcf7_container_post\" value=\"0\" \/><input type=\"hidden\" name=\"_wpcf7_posted_data_hash\" value=\"\" \/>\n<\/fieldset>\n<div class=\"one-half\">\n<label><span class=\"wpcf7-form-control-wrap\" data-name=\"your-name\"><input size=\"40\" maxlength=\"400\" class=\"wpcf7-form-control wpcf7-text wpcf7-validates-as-required\" aria-required=\"true\" aria-invalid=\"false\" placeholder=\"O seu nome\" value=\"\" type=\"text\" name=\"your-name\" \/><\/span> <\/label>\n<\/div>\n<div class=\"one-half last\">\n<label><span class=\"wpcf7-form-control-wrap\" data-name=\"your-email\"><input size=\"40\" maxlength=\"400\" class=\"wpcf7-form-control wpcf7-email wpcf7-validates-as-required wpcf7-text wpcf7-validates-as-email\" aria-required=\"true\" aria-invalid=\"false\" placeholder=\"O seu email\" value=\"\" type=\"email\" name=\"your-email\" \/><\/span> <\/label>\n<\/div>\n<div class=\"one-half\">\n<label><span class=\"wpcf7-form-control-wrap\" data-name=\"your-contact\"><input size=\"40\" maxlength=\"400\" class=\"wpcf7-form-control wpcf7-tel wpcf7-validates-as-required wpcf7-text wpcf7-validates-as-tel\" aria-required=\"true\" aria-invalid=\"false\" placeholder=\"O seu contacto\" value=\"\" type=\"tel\" name=\"your-contact\" \/><\/span> <\/label>\n<\/div>\n<div class=\"one-half last\">\n<label><span class=\"wpcf7-form-control-wrap\" data-name=\"your-subject\"><input size=\"40\" maxlength=\"400\" class=\"wpcf7-form-control wpcf7-text wpcf7-validates-as-required\" aria-required=\"true\" aria-invalid=\"false\" placeholder=\"Assunto\" value=\"\" type=\"text\" name=\"your-subject\" \/><\/span> <\/label>\n<\/div>\n<div>\n<label><span class=\"wpcf7-form-control-wrap\" data-name=\"your-message\"><textarea cols=\"40\" rows=\"10\" maxlength=\"2000\" class=\"wpcf7-form-control wpcf7-textarea wpcf7-validates-as-required\" aria-required=\"true\" aria-invalid=\"false\" placeholder=\"A sua mensagem\" name=\"your-message\"><\/textarea><\/span> <\/label>\n<\/div>\n<div>\nEste website \u00e9 protegido por reCAPTCHA e a <a href=\"https:\/\/policies.google.com\/privacy\" target=\"_blank\" title=\"Privacy Policy\" rel=\"noopener\">Pol\u00edtica de Privacidade<\/a> e <a href=\"https:\/\/policies.google.com\/terms\" target=\"_blank\" title=\"Terms of Service\" rel=\"noopener\">Termos de Servi\u00e7o<\/a> Google.\n<\/div>\n<div>\n<span class=\"wpcf7-form-control-wrap\" data-name=\"politica-privacidade\"><span class=\"wpcf7-form-control wpcf7-acceptance\"><span class=\"wpcf7-list-item\"><label><input type=\"checkbox\" name=\"politica-privacidade\" value=\"1\" checked=\"checked\" aria-invalid=\"false\" \/><span class=\"wpcf7-list-item-label\">Nos termos da legisla\u00e7\u00e3o em vigor sobre a prote\u00e7\u00e3o de dados, expresso o meu consentimento para que Faria & Salgado utilize os meus dados para contactos futuros.<\/span><\/label><\/span><\/span><\/span>\n\n<button class=\"wpcf7-form-control wpcf7-submit sisf-button sisf-size--normal sisf-layout--filled sisf-m\" type=\"submit\"><span class=\"sisf-m-text\">Enviar<\/span><\/button><\/div><div class=\"wpcf7-response-output\" aria-hidden=\"true\"><\/div>\n<input type=\"hidden\" name=\"trp-form-language\" value=\"en\"\/><\/form>\n<\/div>\n<\/div>\n\t\t\t\t<\/div>\n\t\t\t\t<\/div>\n\t\t\t\t\t<\/div>\n\t\t<\/div>\n\t\t\t\t\t<\/div>\n\t\t<\/section>\n\t\t\t\t<\/div>","protected":false},"excerpt":{"rendered":"<p>Confian\u00e7a &amp; Disponibilidade Entre em Contacto Connosco Todas as informa\u00e7\u00f5es necess\u00e1rias para chegar at\u00e9 n\u00f3s e esclarecer qualquer d\u00favida. Quer deseje fazer uma reserva, encomendar os nossos doces ou saber mais sobre o Moinho Novo, estamos aqui para ajudar! Entre em contacto connosco e teremos todo o gosto em atender \u00e0s suas necessidades. MORADA Rua [&hellip;]<\/p>","protected":false},"author":1,"featured_media":0,"parent":0,"menu_order":0,"comment_status":"closed","ping_status":"closed","template":"page-full-width.php","meta":{"footnotes":""},"class_list":["post-1032","page","type-page","status-publish","hentry"],"_links":{"self":[{"href":"https:\/\/moinhonovotentugal.pt\/en\/wp-json\/wp\/v2\/pages\/1032","targetHints":{"allow":["GET"]}}],"collection":[{"href":"https:\/\/moinhonovotentugal.pt\/en\/wp-json\/wp\/v2\/pages"}],"about":[{"href":"https:\/\/moinhonovotentugal.pt\/en\/wp-json\/wp\/v2\/types\/page"}],"author":[{"embeddable":true,"href":"https:\/\/moinhonovotentugal.pt\/en\/wp-json\/wp\/v2\/users\/1"}],"replies":[{"embeddable":true,"href":"https:\/\/moinhonovotentugal.pt\/en\/wp-json\/wp\/v2\/comments?post=1032"}],"version-history":[{"count":49,"href":"https:\/\/moinhonovotentugal.pt\/en\/wp-json\/wp\/v2\/pages\/1032\/revisions"}],"predecessor-version":[{"id":3824,"href":"https:\/\/moinhonovotentugal.pt\/en\/wp-json\/wp\/v2\/pages\/1032\/revisions\/3824"}],"wp:attachment":[{"href":"https:\/\/moinhonovotentugal.pt\/en\/wp-json\/wp\/v2\/media?parent=1032"}],"curies":[{"name":"wp","href":"https:\/\/api.w.org\/{rel}","templated":true}]}}