{"id":1444,"date":"2024-04-11T05:24:04","date_gmt":"2024-04-11T05:24:04","guid":{"rendered":"https:\/\/dishify.wpthemeverse.com\/?page_id=1444"},"modified":"2024-04-11T05:24:04","modified_gmt":"2024-04-11T05:24:04","slug":"blog-right-sidebar","status":"publish","type":"page","link":"https:\/\/moinhonovotentugal.pt\/en\/blog-right-sidebar\/","title":{"rendered":"Blog Right Sidebar"},"content":{"rendered":"<div data-elementor-type=\"wp-page\" data-elementor-id=\"1444\" class=\"elementor elementor-1444\" data-elementor-post-type=\"page\">\n\t\t\t\t\t\t<section class=\"elementor-section elementor-top-section elementor-element elementor-element-b2506ed elementor-section-full_width elementor-section-height-default elementor-section-height-default sisf-elementor-content-no\" data-id=\"b2506ed\" data-element_type=\"section\">\n\t\t\t\t\t\t<div class=\"elementor-container elementor-column-gap-default\">\n\t\t\t\t\t<div class=\"elementor-column elementor-col-100 elementor-top-column elementor-element elementor-element-4b1d399\" data-id=\"4b1d399\" data-element_type=\"column\">\n\t\t\t<div class=\"elementor-widget-wrap elementor-element-populated\">\n\t\t\t\t\t\t<div class=\"elementor-element elementor-element-117b3fd elementor-widget elementor-widget-sis_core_blog_list\" data-id=\"117b3fd\" data-element_type=\"widget\" data-widget_type=\"sis_core_blog_list.default\">\n\t\t\t\t<div class=\"elementor-widget-container\">\n\t\t\t\t\t<div class=\"sisf-shortcode sisf-m  sisf-blog sisf--list sisf-item-layout--standard sisf-grid sisf-layout--columns  sisf-gutter--normal sisf-col-num--1 sisf-item-layout--standard sisf-pagination--on sisf-pagination-type--standard sisf-responsive--predefined\" data-options=\"{&quot;plugin&quot;:&quot;sis_core&quot;,&quot;module&quot;:&quot;blog\\\/shortcodes&quot;,&quot;shortcode&quot;:&quot;blog-list&quot;,&quot;post_type&quot;:&quot;post&quot;,&quot;next_page&quot;:&quot;2&quot;,&quot;max_pages_num&quot;:1,&quot;behavior&quot;:&quot;columns&quot;,&quot;images_proportion&quot;:&quot;full&quot;,&quot;columns&quot;:&quot;1&quot;,&quot;columns_responsive&quot;:&quot;predefined&quot;,&quot;space&quot;:&quot;normal&quot;,&quot;posts_per_page&quot;:&quot;9&quot;,&quot;orderby&quot;:&quot;date&quot;,&quot;order&quot;:&quot;DESC&quot;,&quot;layout&quot;:&quot;standard&quot;,&quot;title_tag&quot;:&quot;h3&quot;,&quot;text_transform&quot;:&quot;none&quot;,&quot;excerpt_length&quot;:&quot;320&quot;,&quot;pagination_type&quot;:&quot;standard&quot;,&quot;object_class_name&quot;:&quot;SisCore_Blog_List_Shortcode&quot;,&quot;taxonomy_filter&quot;:&quot;category&quot;,&quot;additional_query_args&quot;:[],&quot;space_value&quot;:15}\">\n\t\t<div class=\"sisf-grid-inner clear\">\n\t\t<article class=\"sisf-e sisf-blog-item sisf-grid-item sisf-item--full post-3278 post type-post status-publish format-standard has-post-thumbnail hentry category-uncategorized\">\n\t<div class=\"sisf-e-inner\">\n\t\t<div class=\"sisf-e-media\">\n\t\t<div class=\"sisf-e-media-image\">\n\t\t<a itemprop=\"url\" href=\"https:\/\/moinhonovotentugal.pt\/en\/5-motivos-para-visitar-tentugal-e-o-moinho-novo\/\">\n\t\t\t<img fetchpriority=\"high\" decoding=\"async\" width=\"1640\" height=\"924\" src=\"https:\/\/moinhonovotentugal.pt\/wp-content\/uploads\/2024\/10\/capa-moinho-jardim-verao.png\" class=\"attachment-full size-full wp-post-image\" alt=\"\" srcset=\"https:\/\/moinhonovotentugal.pt\/wp-content\/uploads\/2024\/10\/capa-moinho-jardim-verao.png 1640w, https:\/\/moinhonovotentugal.pt\/wp-content\/uploads\/2024\/10\/capa-moinho-jardim-verao-300x169.png 300w, https:\/\/moinhonovotentugal.pt\/wp-content\/uploads\/2024\/10\/capa-moinho-jardim-verao-1024x577.png 1024w, https:\/\/moinhonovotentugal.pt\/wp-content\/uploads\/2024\/10\/capa-moinho-jardim-verao-768x433.png 768w, https:\/\/moinhonovotentugal.pt\/wp-content\/uploads\/2024\/10\/capa-moinho-jardim-verao-1536x865.png 1536w, https:\/\/moinhonovotentugal.pt\/wp-content\/uploads\/2024\/10\/capa-moinho-jardim-verao-600x338.png 600w\" sizes=\"(max-width: 1640px) 100vw, 1640px\" \/>\t\t<\/a>\n\t<\/div>\n<\/div>\n\t\t<div class=\"sisf-e-content\">\n\t\t\t<div class=\"sisf-e-top-holder\">\n\t\t\t\t<div class=\"sisf-e-info\">\n\t\t\t\t\t<div itemprop=\"dateCreated\" class=\"sisf-e-info-item sisf-e-info-date entry-date\">\n\t<a itemprop=\"url\" href=\"https:\/\/moinhonovotentugal.pt\/en\/2024\/11\/\">\n\t\t12 Nov, 2024\t<\/a>\n<\/div>\n<span class=\"sisf-e-info-divider\">.<\/span>\n<div class=\"sisf-e-info-item sisf-e-info-category\">\n\t<a href=\"https:\/\/moinhonovotentugal.pt\/en\/category\/uncategorized\/\" rel=\"category tag\">Uncategorized<\/a><\/div>\n\t\t\t\t<\/div>\n\t\t\t<\/div>\n\t\t\t<div class=\"sisf-e-text\">\n\t\t\t\t<h3 itemprop=\"name\" class=\"sisf-e-title entry-title\" style=\"text-transform: none\">\n\t<a itemprop=\"url\" class=\"sisf-e-title-link\" href=\"https:\/\/moinhonovotentugal.pt\/en\/5-motivos-para-visitar-tentugal-e-o-moinho-novo\/\">\n\t\t5 Motivos para Visitar Tent\u00fagal e o Moinho Novo\t<\/a>\n<\/h3>\n\t\t<p itemprop=\"description\" class=\"sisf-e-excerpt\">H\u00e1 lugares que, pela sua autenticidade e encanto, parecem ter o poder de nos transportar para outros tempos e, ao mesmo tempo, proporcionar experi\u00eancias \u00fanicas e memor\u00e1veis. Tent\u00fagal \u00e9, sem d\u00favida, um desses lugares. Esta pequena vila, localizada na regi\u00e3o do Baixo Mondego, em Portugal, \u00e9 famosa pela sua rica ...<\/p>\n\t\t\t\t<\/div>\n\t\t\t<div class=\"sisf-e-bottom-holder\">\n\t\t\t\t<div class=\"sisf-e-left\">\n\t\t\t\t\t\t<div class=\"sisf-e-read-more\">\n\t\t<a class=\"sisf-shortcode sisf-m  sisf-button sisf-layout--textual  sisf-html--link\" href=\"https:\/\/moinhonovotentugal.pt\/en\/5-motivos-para-visitar-tentugal-e-o-moinho-novo\/\" target=\"_self\">\t<span class=\"sisf-m-text\">View More<\/span>            <span class=\"sisf-m-icon\"> <span class=\"sisf-icon-linear-icons lnr-arrow-right lnr\" ><\/span> <\/span>        <\/a>\t<\/div>\n\t\t\t\t<\/div>\n\t\t\t<\/div>\n\t\t<\/div>\n\t<\/div>\n<\/article>\n\t<\/div>\n\t<\/div>\n\t\t\t\t<\/div>\n\t\t\t\t<\/div>\n\t\t\t\t\t<\/div>\n\t\t<\/div>\n\t\t\t\t\t<\/div>\n\t\t<\/section>\n\t\t\t\t<\/div>","protected":false},"excerpt":{"rendered":"<p>5 Apr, 2024 . Italian Discovering Deliciousness, One Recipe at a Time Discovering Deliciousness, One Recipe at a Time invites you on a culinary journey filled with tantalizing flavors, aromatic spices, and mouthwatering dishes. It&#8217;s an exploration of the artistry and creativity that goes into crafting each recipe, with a focus on savoring every bite [&hellip;]<\/p>","protected":false},"author":1,"featured_media":0,"parent":0,"menu_order":0,"comment_status":"closed","ping_status":"closed","template":"","meta":{"footnotes":""},"class_list":["post-1444","page","type-page","status-publish","hentry"],"_links":{"self":[{"href":"https:\/\/moinhonovotentugal.pt\/en\/wp-json\/wp\/v2\/pages\/1444","targetHints":{"allow":["GET"]}}],"collection":[{"href":"https:\/\/moinhonovotentugal.pt\/en\/wp-json\/wp\/v2\/pages"}],"about":[{"href":"https:\/\/moinhonovotentugal.pt\/en\/wp-json\/wp\/v2\/types\/page"}],"author":[{"embeddable":true,"href":"https:\/\/moinhonovotentugal.pt\/en\/wp-json\/wp\/v2\/users\/1"}],"replies":[{"embeddable":true,"href":"https:\/\/moinhonovotentugal.pt\/en\/wp-json\/wp\/v2\/comments?post=1444"}],"version-history":[{"count":0,"href":"https:\/\/moinhonovotentugal.pt\/en\/wp-json\/wp\/v2\/pages\/1444\/revisions"}],"wp:attachment":[{"href":"https:\/\/moinhonovotentugal.pt\/en\/wp-json\/wp\/v2\/media?parent=1444"}],"curies":[{"name":"wp","href":"https:\/\/api.w.org\/{rel}","templated":true}]}}