{"id":2412,"date":"2024-04-18T07:29:00","date_gmt":"2024-04-18T07:29:00","guid":{"rendered":"https:\/\/dishify.wpthemeverse.com\/?page_id=2412"},"modified":"2025-01-22T12:21:28","modified_gmt":"2025-01-22T12:21:28","slug":"docaria","status":"publish","type":"page","link":"https:\/\/moinhonovotentugal.pt\/en\/docaria\/","title":{"rendered":"Do\u00e7aria"},"content":{"rendered":"<div data-elementor-type=\"wp-page\" data-elementor-id=\"2412\" class=\"elementor elementor-2412\" data-elementor-post-type=\"page\">\n\t\t\t\t\t\t<section class=\"elementor-section elementor-top-section elementor-element elementor-element-0bc4ace elementor-section-full_width sisf-elementor-content-grid elementor-section-height-default elementor-section-height-default\" data-id=\"0bc4ace\" data-element_type=\"section\" data-settings=\"{&quot;background_background&quot;:&quot;classic&quot;}\">\n\t\t\t\t\t\t<div class=\"elementor-container elementor-column-gap-default\">\n\t\t\t\t\t<div class=\"elementor-column elementor-col-100 elementor-top-column elementor-element elementor-element-671966f\" data-id=\"671966f\" data-element_type=\"column\">\n\t\t\t<div class=\"elementor-widget-wrap elementor-element-populated\">\n\t\t\t\t\t\t<div class=\"elementor-element elementor-element-af98c18 elementor-widget elementor-widget-sis_addons_for_elementor_section_title\" data-id=\"af98c18\" data-element_type=\"widget\" data-widget_type=\"sis_addons_for_elementor_section_title.default\">\n\t\t\t\t<div class=\"elementor-widget-container\">\n\t\t\t\t\t<div class=\"sisf-shortcode sisf-m sisf-center-text sisf-sis-section-title sisf-title-break--disabled sisf-decoration--italic  sisf-link--underline-draw sisf-subtitle-icon--right\">\n\t\t\t\t<h6 class=\"sisf-m-subtitle\">\n\t\tSabores com Tradi\u00e7\u00e3o\t\t\t<\/h6>\n\t\t\t\t\t<\/div>\n\t\t\t\t<\/div>\n\t\t\t\t<\/div>\n\t\t\t\t<section class=\"elementor-section elementor-inner-section elementor-element elementor-element-d011363 elementor-section-full_width elementor-section-content-middle elementor-section-height-default elementor-section-height-default sisf-elementor-content-no\" data-id=\"d011363\" data-element_type=\"section\">\n\t\t\t\t\t\t<div class=\"elementor-container elementor-column-gap-default\">\n\t\t\t\t\t<div class=\"elementor-column elementor-col-100 elementor-inner-column elementor-element elementor-element-b1daf79\" data-id=\"b1daf79\" data-element_type=\"column\" data-settings=\"{&quot;background_background&quot;:&quot;classic&quot;}\">\n\t\t\t<div class=\"elementor-widget-wrap elementor-element-populated\">\n\t\t\t\t\t\t<div class=\"elementor-element elementor-element-0705b24 elementor-widget elementor-widget-sis_addons_for_elementor_product_list\" data-id=\"0705b24\" data-element_type=\"widget\" data-widget_type=\"sis_addons_for_elementor_product_list.default\">\n\t\t\t\t<div class=\"elementor-widget-container\">\n\t\t\t\t\t<div class=\"sisf-shortcode sisf-m  sisf-addons-woo-shortcode sisf-sis-woo-shortcode-product-list sisf-item-layout--info-below-with-hover   sisf-sis-grid sisf-layout--sis-columns  sisf-col-num--4  sisf-item-layout--info-below-with-hover sisf-filter--on sisf-responsive--predefined\"  data-options=\"{&quot;plugin&quot;:&quot;sis_addons_for_elementor&quot;,&quot;module&quot;:&quot;plugins\\\/woocommerce\\\/shortcodes&quot;,&quot;shortcode&quot;:&quot;product-list&quot;,&quot;post_type&quot;:&quot;product&quot;,&quot;next_page&quot;:&quot;2&quot;,&quot;max_pages_num&quot;:1,&quot;behavior&quot;:&quot;columns&quot;,&quot;images_proportion&quot;:&quot;full&quot;,&quot;columns&quot;:&quot;4&quot;,&quot;columns_responsive&quot;:&quot;predefined&quot;,&quot;space&quot;:{&quot;unit&quot;:&quot;px&quot;,&quot;size&quot;:30,&quot;sizes&quot;:[]},&quot;enable_pagination&quot;:&quot;no&quot;,&quot;enable_zigzag&quot;:&quot;no&quot;,&quot;zigzag_amount&quot;:{&quot;size&quot;:30,&quot;unit&quot;:&quot;px&quot;},&quot;enable_filter&quot;:&quot;yes&quot;,&quot;posts_per_page&quot;:&quot;8&quot;,&quot;orderby&quot;:&quot;date&quot;,&quot;order&quot;:&quot;DESC&quot;,&quot;layout&quot;:&quot;info-below-with-hover&quot;,&quot;title_tag&quot;:&quot;h3&quot;,&quot;title_color&quot;:&quot;#13161A&quot;,&quot;show_category&quot;:&quot;no&quot;,&quot;show_description&quot;:&quot;yes&quot;,&quot;description_length&quot;:&quot;50&quot;,&quot;show_rating&quot;:&quot;yes&quot;,&quot;price_color&quot;:&quot;#F0A039&quot;,&quot;currency_font_size&quot;:{&quot;unit&quot;:&quot;px&quot;,&quot;size&quot;:20,&quot;sizes&quot;:[]},&quot;currency_offset&quot;:{&quot;unit&quot;:&quot;px&quot;,&quot;size&quot;:0,&quot;sizes&quot;:[]},&quot;show_button&quot;:&quot;no&quot;,&quot;button_layout&quot;:&quot;textual&quot;,&quot;button_underline&quot;:&quot;no&quot;,&quot;button_icon&quot;:{&quot;value&quot;:&quot;&quot;,&quot;library&quot;:&quot;&quot;},&quot;button_icon_position&quot;:&quot;right&quot;,&quot;button_icon_hover_move&quot;:&quot;move-horizontal-short&quot;,&quot;button_underline_draw&quot;:&quot;no&quot;,&quot;image_border_radius&quot;:{&quot;unit&quot;:&quot;%&quot;,&quot;top&quot;:&quot;100&quot;,&quot;right&quot;:&quot;100&quot;,&quot;bottom&quot;:&quot;100&quot;,&quot;left&quot;:&quot;100&quot;,&quot;isLinked&quot;:true},&quot;show_category_image&quot;:&quot;yes&quot;,&quot;rating_margin_top&quot;:{&quot;unit&quot;:&quot;px&quot;,&quot;size&quot;:10,&quot;sizes&quot;:[]},&quot;button_margin_top&quot;:{&quot;unit&quot;:&quot;px&quot;,&quot;size&quot;:0,&quot;sizes&quot;:[]},&quot;info_below_with_hover_category_margin_top&quot;:{&quot;unit&quot;:&quot;px&quot;,&quot;size&quot;:0,&quot;sizes&quot;:[]},&quot;info_below_with_hover_rating_margin_top&quot;:{&quot;unit&quot;:&quot;px&quot;,&quot;size&quot;:0,&quot;sizes&quot;:[]},&quot;object_class_name&quot;:&quot;SisAddonsForElementor_Product_List_Shortcode&quot;,&quot;taxonomy_filter&quot;:&quot;product_cat&quot;,&quot;additional_query_args&quot;:[],&quot;space_value&quot;:0}\">\n\t\t<div class=\"sisf-m-filter\">\n\t\t\t\t\t<div class=\"sisf-m-filter-items\">\n\t\t\t\t<a class=\"sisf-m-filter-item sisf--active\" href=\"#\" data-taxonomy=\"product_cat\" data-filter=\"*\">\n\t\t\t\t\t<span class=\"sisf-m-filter-item-name\">All<\/span>\n\t\t\t\t<\/a>\n\t\t\t\t\t\t\t\t\t<a class=\"sisf-m-filter-item\" href=\"#\" data-taxonomy=\"product_cat\" data-filter=\"doces-conventuais\">\n\t\t\t\t\t\t<span class=\"sisf-m-filter-item-name\">\n\t\t\t\t\t\t\t<img decoding=\"async\" width=\"150\" height=\"150\" src=\"https:\/\/moinhonovotentugal.pt\/wp-content\/uploads\/2025\/01\/doces-conventuais2-150x150.png\" class=\"attachment-thumbnail size-thumbnail\" alt=\"\" srcset=\"https:\/\/moinhonovotentugal.pt\/wp-content\/uploads\/2025\/01\/doces-conventuais2-150x150.png 150w, https:\/\/moinhonovotentugal.pt\/wp-content\/uploads\/2025\/01\/doces-conventuais2-300x300.png 300w, https:\/\/moinhonovotentugal.pt\/wp-content\/uploads\/2025\/01\/doces-conventuais2-12x12.png 12w, https:\/\/moinhonovotentugal.pt\/wp-content\/uploads\/2025\/01\/doces-conventuais2-100x100.png 100w, https:\/\/moinhonovotentugal.pt\/wp-content\/uploads\/2025\/01\/doces-conventuais2.png 580w\" sizes=\"(max-width: 150px) 100vw, 150px\" \/>\t\t\t\t\t\t\tDoces Conventuais\t\t\t\t\t\t<\/span>\n\t\t\t\t\t<\/a>\n\t\t\t\t\t\t\t\t\t<a class=\"sisf-m-filter-item\" href=\"#\" data-taxonomy=\"product_cat\" data-filter=\"doces-tentugal\">\n\t\t\t\t\t\t<span class=\"sisf-m-filter-item-name\">\n\t\t\t\t\t\t\t\t\t\t\t\t\t\tDoces Tent\u00fagal\t\t\t\t\t\t<\/span>\n\t\t\t\t\t<\/a>\n\t\t\t\t\t\t\t\t\t<a class=\"sisf-m-filter-item\" href=\"#\" data-taxonomy=\"product_cat\" data-filter=\"doces-moinho\">\n\t\t\t\t\t\t<span class=\"sisf-m-filter-item-name\">\n\t\t\t\t\t\t\t<img decoding=\"async\" width=\"150\" height=\"150\" src=\"https:\/\/moinhonovotentugal.pt\/wp-content\/uploads\/2025\/01\/doces-moinho2-150x150.png\" class=\"attachment-thumbnail size-thumbnail\" alt=\"\" srcset=\"https:\/\/moinhonovotentugal.pt\/wp-content\/uploads\/2025\/01\/doces-moinho2-150x150.png 150w, https:\/\/moinhonovotentugal.pt\/wp-content\/uploads\/2025\/01\/doces-moinho2-300x300.png 300w, https:\/\/moinhonovotentugal.pt\/wp-content\/uploads\/2025\/01\/doces-moinho2-12x12.png 12w, https:\/\/moinhonovotentugal.pt\/wp-content\/uploads\/2025\/01\/doces-moinho2-100x100.png 100w, https:\/\/moinhonovotentugal.pt\/wp-content\/uploads\/2025\/01\/doces-moinho2.png 580w\" sizes=\"(max-width: 150px) 100vw, 150px\" \/>\t\t\t\t\t\t\tDoces Moinho\t\t\t\t\t\t<\/span>\n\t\t\t\t\t<\/a>\n\t\t\t\t\t\t\t\t\t<a class=\"sisf-m-filter-item\" href=\"#\" data-taxonomy=\"product_cat\" data-filter=\"doces-ocasiao\">\n\t\t\t\t\t\t<span class=\"sisf-m-filter-item-name\">\n\t\t\t\t\t\t\t<img decoding=\"async\" width=\"150\" height=\"150\" src=\"https:\/\/moinhonovotentugal.pt\/wp-content\/uploads\/2025\/01\/doces-ocasiao2-150x150.png\" class=\"attachment-thumbnail size-thumbnail\" alt=\"\" srcset=\"https:\/\/moinhonovotentugal.pt\/wp-content\/uploads\/2025\/01\/doces-ocasiao2-150x150.png 150w, https:\/\/moinhonovotentugal.pt\/wp-content\/uploads\/2025\/01\/doces-ocasiao2-300x300.png 300w, https:\/\/moinhonovotentugal.pt\/wp-content\/uploads\/2025\/01\/doces-ocasiao2-12x12.png 12w, https:\/\/moinhonovotentugal.pt\/wp-content\/uploads\/2025\/01\/doces-ocasiao2-100x100.png 100w, https:\/\/moinhonovotentugal.pt\/wp-content\/uploads\/2025\/01\/doces-ocasiao2.png 580w\" sizes=\"(max-width: 150px) 100vw, 150px\" \/>\t\t\t\t\t\t\tDoces Ocasi\u00e3o\t\t\t\t\t\t<\/span>\n\t\t\t\t\t<\/a>\n\t\t\t\t\t\t\t<\/div>\n\t\t\t<\/div>\n\t<svg class=\"sisf-filter-pagination-spinner\" xmlns=\"http:\/\/www.w3.org\/2000\/svg\" width=\"512\" height=\"512\" viewbox=\"0 0 512 512\"><path d=\"M304 48c0 26.51-21.49 48-48 48s-48-21.49-48-48 21.49-48 48-48 48 21.49 48 48zm-48 368c-26.51 0-48 21.49-48 48s21.49 48 48 48 48-21.49 48-48-21.49-48-48-48zm208-208c-26.51 0-48 21.49-48 48s21.49 48 48 48 48-21.49 48-48-21.49-48-48-48zM96 256c0-26.51-21.49-48-48-48S0 229.49 0 256s21.49 48 48 48 48-21.49 48-48zm12.922 99.078c-26.51 0-48 21.49-48 48s21.49 48 48 48 48-21.49 48-48c0-26.509-21.491-48-48-48zm294.156 0c-26.51 0-48 21.49-48 48s21.49 48 48 48 48-21.49 48-48c0-26.509-21.49-48-48-48zM108.922 60.922c-26.51 0-48 21.49-48 48s21.49 48 48 48 48-21.49 48-48-21.491-48-48-48z\"><\/path><\/svg>\t<div class=\"sisf-grid-inner\">\n\t\t<div class=\"sisf-e sisf-grid-item product type-product post-3455 status-publish first instock product_cat-doces-ocasiao has-post-thumbnail shipping-taxable product-type-simple\">\n\t<div class=\"sisf-e-product-inner\">\n\t\t\t\t\t<div class=\"sisf-e-product-image\">\n\t\t\t\t\t\t\t\t\t<div class=\"sisf-e-product-image-holder\">\n\t\t\t\t\t<img loading=\"lazy\" decoding=\"async\" width=\"580\" height=\"580\" src=\"https:\/\/moinhonovotentugal.pt\/wp-content\/uploads\/2024\/12\/broa-doce.png\" class=\"attachment-full size-full\" alt=\"\" srcset=\"https:\/\/moinhonovotentugal.pt\/wp-content\/uploads\/2024\/12\/broa-doce.png 580w, https:\/\/moinhonovotentugal.pt\/wp-content\/uploads\/2024\/12\/broa-doce-300x300.png 300w, https:\/\/moinhonovotentugal.pt\/wp-content\/uploads\/2024\/12\/broa-doce-150x150.png 150w, https:\/\/moinhonovotentugal.pt\/wp-content\/uploads\/2024\/12\/broa-doce-100x100.png 100w\" sizes=\"(max-width: 580px) 100vw, 580px\" \/>\t\t\t\t<\/div>\n\t\t\t\t<div class=\"sisf-e-product-image-inner\">\n\t\t\t\t\t<a href=\"https:\/\/moinhonovotentugal.pt\/en\/product\/broa-doce\/\" class=\"woocommerce-LoopProduct-link woocommerce-loop-product__link\"><\/a>\t\t\t\t\t\t\t\t\t<\/div>\n\t\t\t<\/div>\n\t\t\t\t<div class=\"sisf-e-product-content\">\n\t\t\t<div class=\"sisf-e-product-heading\">\n\t\t\t\t<h3 itemprop=\"name\" class=\"sisf-e-product-title sisf-e-title entry-title\">\n\t<a itemprop=\"url\" class=\"sisf-e-product-title-link\" href=\"https:\/\/moinhonovotentugal.pt\/en\/product\/broa-doce\/\">\n\t\tBroa Doce\t<\/a>\n<\/h3>\n\t\t\t\t\t\t\t<\/div>\n\t\t\t\t\t\t\t\t\t\t\t\t\t\t<\/div>\n\t<\/div>\n<\/div>\n<div class=\"sisf-e sisf-grid-item product type-product post-3453 status-publish instock product_cat-doces-ocasiao has-post-thumbnail shipping-taxable product-type-simple\">\n\t<div class=\"sisf-e-product-inner\">\n\t\t\t\t\t<div class=\"sisf-e-product-image\">\n\t\t\t\t\t\t\t\t\t<div class=\"sisf-e-product-image-holder\">\n\t\t\t\t\t<img loading=\"lazy\" decoding=\"async\" width=\"580\" height=\"580\" src=\"https:\/\/moinhonovotentugal.pt\/wp-content\/uploads\/2024\/12\/bolo-rei-escangalhado.png\" class=\"attachment-full size-full\" alt=\"\" srcset=\"https:\/\/moinhonovotentugal.pt\/wp-content\/uploads\/2024\/12\/bolo-rei-escangalhado.png 580w, https:\/\/moinhonovotentugal.pt\/wp-content\/uploads\/2024\/12\/bolo-rei-escangalhado-300x300.png 300w, https:\/\/moinhonovotentugal.pt\/wp-content\/uploads\/2024\/12\/bolo-rei-escangalhado-150x150.png 150w, https:\/\/moinhonovotentugal.pt\/wp-content\/uploads\/2024\/12\/bolo-rei-escangalhado-100x100.png 100w\" sizes=\"(max-width: 580px) 100vw, 580px\" \/>\t\t\t\t<\/div>\n\t\t\t\t<div class=\"sisf-e-product-image-inner\">\n\t\t\t\t\t<a href=\"https:\/\/moinhonovotentugal.pt\/en\/product\/bolo-rei-escangalhado\/\" class=\"woocommerce-LoopProduct-link woocommerce-loop-product__link\"><\/a>\t\t\t\t\t\t\t\t\t<\/div>\n\t\t\t<\/div>\n\t\t\t\t<div class=\"sisf-e-product-content\">\n\t\t\t<div class=\"sisf-e-product-heading\">\n\t\t\t\t<h3 itemprop=\"name\" class=\"sisf-e-product-title sisf-e-title entry-title\">\n\t<a itemprop=\"url\" class=\"sisf-e-product-title-link\" href=\"https:\/\/moinhonovotentugal.pt\/en\/product\/bolo-rei-escangalhado\/\">\n\t\tBolo Rei Escangalhado\t<\/a>\n<\/h3>\n\t\t\t\t\t\t\t<\/div>\n\t\t\t\t\t\t\t\t\t\t\t\t\t\t<\/div>\n\t<\/div>\n<\/div>\n<div class=\"sisf-e sisf-grid-item product type-product post-3451 status-publish last instock product_cat-doces-ocasiao has-post-thumbnail shipping-taxable product-type-simple\">\n\t<div class=\"sisf-e-product-inner\">\n\t\t\t\t\t<div class=\"sisf-e-product-image\">\n\t\t\t\t\t\t\t\t\t<div class=\"sisf-e-product-image-holder\">\n\t\t\t\t\t<img loading=\"lazy\" decoding=\"async\" width=\"580\" height=\"580\" src=\"https:\/\/moinhonovotentugal.pt\/wp-content\/uploads\/2024\/12\/bolo-rei.png\" class=\"attachment-full size-full\" alt=\"\" srcset=\"https:\/\/moinhonovotentugal.pt\/wp-content\/uploads\/2024\/12\/bolo-rei.png 580w, https:\/\/moinhonovotentugal.pt\/wp-content\/uploads\/2024\/12\/bolo-rei-300x300.png 300w, https:\/\/moinhonovotentugal.pt\/wp-content\/uploads\/2024\/12\/bolo-rei-150x150.png 150w, https:\/\/moinhonovotentugal.pt\/wp-content\/uploads\/2024\/12\/bolo-rei-100x100.png 100w\" sizes=\"(max-width: 580px) 100vw, 580px\" \/>\t\t\t\t<\/div>\n\t\t\t\t<div class=\"sisf-e-product-image-inner\">\n\t\t\t\t\t<a href=\"https:\/\/moinhonovotentugal.pt\/en\/product\/bolo-rei\/\" class=\"woocommerce-LoopProduct-link woocommerce-loop-product__link\"><\/a>\t\t\t\t\t\t\t\t\t<\/div>\n\t\t\t<\/div>\n\t\t\t\t<div class=\"sisf-e-product-content\">\n\t\t\t<div class=\"sisf-e-product-heading\">\n\t\t\t\t<h3 itemprop=\"name\" class=\"sisf-e-product-title sisf-e-title entry-title\">\n\t<a itemprop=\"url\" class=\"sisf-e-product-title-link\" href=\"https:\/\/moinhonovotentugal.pt\/en\/product\/bolo-rei\/\">\n\t\tBolo Rei\t<\/a>\n<\/h3>\n\t\t\t\t\t\t\t<\/div>\n\t\t\t\t\t\t\t\t\t\t\t\t\t\t<\/div>\n\t<\/div>\n<\/div>\n<div class=\"sisf-e sisf-grid-item product type-product post-3373 status-publish first instock product_cat-doces-ocasiao has-post-thumbnail shipping-taxable product-type-simple\">\n\t<div class=\"sisf-e-product-inner\">\n\t\t\t\t\t<div class=\"sisf-e-product-image\">\n\t\t\t\t\t\t\t\t\t<div class=\"sisf-e-product-image-holder\">\n\t\t\t\t\t<img loading=\"lazy\" decoding=\"async\" width=\"580\" height=\"580\" src=\"https:\/\/moinhonovotentugal.pt\/wp-content\/uploads\/2024\/11\/folar-pascoa.png\" class=\"attachment-full size-full\" alt=\"\" srcset=\"https:\/\/moinhonovotentugal.pt\/wp-content\/uploads\/2024\/11\/folar-pascoa.png 580w, https:\/\/moinhonovotentugal.pt\/wp-content\/uploads\/2024\/11\/folar-pascoa-300x300.png 300w, https:\/\/moinhonovotentugal.pt\/wp-content\/uploads\/2024\/11\/folar-pascoa-150x150.png 150w, https:\/\/moinhonovotentugal.pt\/wp-content\/uploads\/2024\/11\/folar-pascoa-100x100.png 100w\" sizes=\"(max-width: 580px) 100vw, 580px\" \/>\t\t\t\t<\/div>\n\t\t\t\t<div class=\"sisf-e-product-image-inner\">\n\t\t\t\t\t<a href=\"https:\/\/moinhonovotentugal.pt\/en\/product\/folar-pascoa\/\" class=\"woocommerce-LoopProduct-link woocommerce-loop-product__link\"><\/a>\t\t\t\t\t\t\t\t\t<\/div>\n\t\t\t<\/div>\n\t\t\t\t<div class=\"sisf-e-product-content\">\n\t\t\t<div class=\"sisf-e-product-heading\">\n\t\t\t\t<h3 itemprop=\"name\" class=\"sisf-e-product-title sisf-e-title entry-title\">\n\t<a itemprop=\"url\" class=\"sisf-e-product-title-link\" href=\"https:\/\/moinhonovotentugal.pt\/en\/product\/folar-pascoa\/\">\n\t\tFolar P\u00e1scoa\t<\/a>\n<\/h3>\n\t\t\t\t\t\t\t<\/div>\n\t\t\t\t\t\t\t\t\t\t\t\t\t\t<\/div>\n\t<\/div>\n<\/div>\n<div class=\"sisf-e sisf-grid-item product type-product post-3371 status-publish instock product_cat-doces-moinho has-post-thumbnail shipping-taxable product-type-simple\">\n\t<div class=\"sisf-e-product-inner\">\n\t\t\t\t\t<div class=\"sisf-e-product-image\">\n\t\t\t\t\t\t\t\t\t<div class=\"sisf-e-product-image-holder\">\n\t\t\t\t\t<img loading=\"lazy\" decoding=\"async\" width=\"580\" height=\"580\" src=\"https:\/\/moinhonovotentugal.pt\/wp-content\/uploads\/2024\/11\/francelina.png\" class=\"attachment-full size-full\" alt=\"\" srcset=\"https:\/\/moinhonovotentugal.pt\/wp-content\/uploads\/2024\/11\/francelina.png 580w, https:\/\/moinhonovotentugal.pt\/wp-content\/uploads\/2024\/11\/francelina-300x300.png 300w, https:\/\/moinhonovotentugal.pt\/wp-content\/uploads\/2024\/11\/francelina-150x150.png 150w, https:\/\/moinhonovotentugal.pt\/wp-content\/uploads\/2024\/11\/francelina-100x100.png 100w\" sizes=\"(max-width: 580px) 100vw, 580px\" \/>\t\t\t\t<\/div>\n\t\t\t\t<div class=\"sisf-e-product-image-inner\">\n\t\t\t\t\t<a href=\"https:\/\/moinhonovotentugal.pt\/en\/product\/francelina\/\" class=\"woocommerce-LoopProduct-link woocommerce-loop-product__link\"><\/a>\t\t\t\t\t\t\t\t\t<\/div>\n\t\t\t<\/div>\n\t\t\t\t<div class=\"sisf-e-product-content\">\n\t\t\t<div class=\"sisf-e-product-heading\">\n\t\t\t\t<h3 itemprop=\"name\" class=\"sisf-e-product-title sisf-e-title entry-title\">\n\t<a itemprop=\"url\" class=\"sisf-e-product-title-link\" href=\"https:\/\/moinhonovotentugal.pt\/en\/product\/francelina\/\">\n\t\tFrancelina\t<\/a>\n<\/h3>\n\t\t\t\t\t\t\t<\/div>\n\t\t\t\t\t\t\t\t\t\t\t\t\t\t<\/div>\n\t<\/div>\n<\/div>\n<div class=\"sisf-e sisf-grid-item product type-product post-3369 status-publish last instock product_cat-doces-tentugal has-post-thumbnail shipping-taxable product-type-simple\">\n\t<div class=\"sisf-e-product-inner\">\n\t\t\t\t\t<div class=\"sisf-e-product-image\">\n\t\t\t\t\t\t\t\t\t<div class=\"sisf-e-product-image-holder\">\n\t\t\t\t\t<img loading=\"lazy\" decoding=\"async\" width=\"580\" height=\"580\" src=\"https:\/\/moinhonovotentugal.pt\/wp-content\/uploads\/2024\/11\/queijada-tentugal.png\" class=\"attachment-full size-full\" alt=\"\" srcset=\"https:\/\/moinhonovotentugal.pt\/wp-content\/uploads\/2024\/11\/queijada-tentugal.png 580w, https:\/\/moinhonovotentugal.pt\/wp-content\/uploads\/2024\/11\/queijada-tentugal-300x300.png 300w, https:\/\/moinhonovotentugal.pt\/wp-content\/uploads\/2024\/11\/queijada-tentugal-150x150.png 150w, https:\/\/moinhonovotentugal.pt\/wp-content\/uploads\/2024\/11\/queijada-tentugal-100x100.png 100w\" sizes=\"(max-width: 580px) 100vw, 580px\" \/>\t\t\t\t<\/div>\n\t\t\t\t<div class=\"sisf-e-product-image-inner\">\n\t\t\t\t\t<a href=\"https:\/\/moinhonovotentugal.pt\/en\/product\/queijada-de-tentugal\/\" class=\"woocommerce-LoopProduct-link woocommerce-loop-product__link\"><\/a>\t\t\t\t\t\t\t\t\t<\/div>\n\t\t\t<\/div>\n\t\t\t\t<div class=\"sisf-e-product-content\">\n\t\t\t<div class=\"sisf-e-product-heading\">\n\t\t\t\t<h3 itemprop=\"name\" class=\"sisf-e-product-title sisf-e-title entry-title\">\n\t<a itemprop=\"url\" class=\"sisf-e-product-title-link\" href=\"https:\/\/moinhonovotentugal.pt\/en\/product\/queijada-de-tentugal\/\">\n\t\tQueijada de Tent\u00fagal\t<\/a>\n<\/h3>\n\t\t\t\t\t\t\t<\/div>\n\t\t\t\t\t\t\t\t\t\t\t\t\t\t<\/div>\n\t<\/div>\n<\/div>\n<div class=\"sisf-e sisf-grid-item product type-product post-3366 status-publish first instock product_cat-doces-conventuais has-post-thumbnail shipping-taxable product-type-simple\">\n\t<div class=\"sisf-e-product-inner\">\n\t\t\t\t\t<div class=\"sisf-e-product-image\">\n\t\t\t\t\t\t\t\t\t<div class=\"sisf-e-product-image-holder\">\n\t\t\t\t\t<img loading=\"lazy\" decoding=\"async\" width=\"5184\" height=\"3456\" src=\"https:\/\/moinhonovotentugal.pt\/wp-content\/uploads\/2024\/11\/pastel-tentugal-2.png\" class=\"attachment-full size-full\" alt=\"\" srcset=\"https:\/\/moinhonovotentugal.pt\/wp-content\/uploads\/2024\/11\/pastel-tentugal-2.png 5184w, https:\/\/moinhonovotentugal.pt\/wp-content\/uploads\/2024\/11\/pastel-tentugal-2-300x200.png 300w, https:\/\/moinhonovotentugal.pt\/wp-content\/uploads\/2024\/11\/pastel-tentugal-2-1024x683.png 1024w, https:\/\/moinhonovotentugal.pt\/wp-content\/uploads\/2024\/11\/pastel-tentugal-2-768x512.png 768w, https:\/\/moinhonovotentugal.pt\/wp-content\/uploads\/2024\/11\/pastel-tentugal-2-1536x1024.png 1536w, https:\/\/moinhonovotentugal.pt\/wp-content\/uploads\/2024\/11\/pastel-tentugal-2-2048x1365.png 2048w, https:\/\/moinhonovotentugal.pt\/wp-content\/uploads\/2024\/11\/pastel-tentugal-2-600x400.png 600w\" sizes=\"(max-width: 5184px) 100vw, 5184px\" \/>\t\t\t\t<\/div>\n\t\t\t\t<div class=\"sisf-e-product-image-inner\">\n\t\t\t\t\t<a href=\"https:\/\/moinhonovotentugal.pt\/en\/product\/pastel-de-tentugal\/\" class=\"woocommerce-LoopProduct-link woocommerce-loop-product__link\"><\/a>\t\t\t\t\t\t\t\t\t<\/div>\n\t\t\t<\/div>\n\t\t\t\t<div class=\"sisf-e-product-content\">\n\t\t\t<div class=\"sisf-e-product-heading\">\n\t\t\t\t<h3 itemprop=\"name\" class=\"sisf-e-product-title sisf-e-title entry-title\">\n\t<a itemprop=\"url\" class=\"sisf-e-product-title-link\" href=\"https:\/\/moinhonovotentugal.pt\/en\/product\/pastel-de-tentugal\/\">\n\t\tPastel de Tent\u00fagal\t<\/a>\n<\/h3>\n\t\t\t\t\t\t\t<\/div>\n\t\t\t\t\t\t\t\t\t\t\t\t\t\t<\/div>\n\t<\/div>\n<\/div>\n\t<\/div>\n\t<\/div>\n\t\t\t\t<\/div>\n\t\t\t\t<\/div>\n\t\t\t\t\t<\/div>\n\t\t<\/div>\n\t\t\t\t\t<\/div>\n\t\t<\/section>\n\t\t\t\t\t<\/div>\n\t\t<\/div>\n\t\t\t\t\t<\/div>\n\t\t<\/section>\n\t\t\t\t<\/div>","protected":false},"excerpt":{"rendered":"<p>Sabores com Tradi\u00e7\u00e3o All Doces Conventuais Doces Tent\u00fagal Doces Moinho Doces Ocasi\u00e3o Broa Doce Bolo Rei Escangalhado Bolo Rei Folar P\u00e1scoa Francelina Queijada de Tent\u00fagal Pastel de Tent\u00fagal<\/p>","protected":false},"author":1,"featured_media":0,"parent":0,"menu_order":0,"comment_status":"closed","ping_status":"closed","template":"page-full-width.php","meta":{"footnotes":""},"class_list":["post-2412","page","type-page","status-publish","hentry"],"_links":{"self":[{"href":"https:\/\/moinhonovotentugal.pt\/en\/wp-json\/wp\/v2\/pages\/2412","targetHints":{"allow":["GET"]}}],"collection":[{"href":"https:\/\/moinhonovotentugal.pt\/en\/wp-json\/wp\/v2\/pages"}],"about":[{"href":"https:\/\/moinhonovotentugal.pt\/en\/wp-json\/wp\/v2\/types\/page"}],"author":[{"embeddable":true,"href":"https:\/\/moinhonovotentugal.pt\/en\/wp-json\/wp\/v2\/users\/1"}],"replies":[{"embeddable":true,"href":"https:\/\/moinhonovotentugal.pt\/en\/wp-json\/wp\/v2\/comments?post=2412"}],"version-history":[{"count":14,"href":"https:\/\/moinhonovotentugal.pt\/en\/wp-json\/wp\/v2\/pages\/2412\/revisions"}],"predecessor-version":[{"id":3539,"href":"https:\/\/moinhonovotentugal.pt\/en\/wp-json\/wp\/v2\/pages\/2412\/revisions\/3539"}],"wp:attachment":[{"href":"https:\/\/moinhonovotentugal.pt\/en\/wp-json\/wp\/v2\/media?parent=2412"}],"curies":[{"name":"wp","href":"https:\/\/api.w.org\/{rel}","templated":true}]}}