{"id":3348,"date":"2024-11-20T10:12:33","date_gmt":"2024-11-20T10:12:33","guid":{"rendered":"https:\/\/moinhonovotentugal.pt\/?page_id=3348"},"modified":"2024-11-20T10:13:20","modified_gmt":"2024-11-20T10:13:20","slug":"sabores-a-vista","status":"publish","type":"page","link":"https:\/\/moinhonovotentugal.pt\/en\/sabores-a-vista\/","title":{"rendered":"Sabores \u00e0 Vista"},"content":{"rendered":"<div data-elementor-type=\"wp-page\" data-elementor-id=\"3348\" class=\"elementor elementor-3348\" data-elementor-post-type=\"page\">\n\t\t\t\t\t\t<section class=\"elementor-section elementor-top-section elementor-element elementor-element-97f0e4f elementor-section-content-middle sisf-elementor-content-grid sisf-extended-grid sisf-extended-grid--left sisf-extended-grid-disabled--768 elementor-section-boxed elementor-section-height-default elementor-section-height-default\" data-id=\"97f0e4f\" data-element_type=\"section\" data-settings=\"{&quot;background_background&quot;:&quot;classic&quot;}\">\n\t\t\t\t\t\t<div class=\"elementor-container elementor-column-gap-default\">\n\t\t\t\t\t<div class=\"elementor-column elementor-col-50 elementor-top-column elementor-element elementor-element-1876f54\" data-id=\"1876f54\" data-element_type=\"column\">\n\t\t\t<div class=\"elementor-widget-wrap elementor-element-populated\">\n\t\t\t\t\t\t<section class=\"elementor-section elementor-inner-section elementor-element elementor-element-84052a1 elementor-section-full_width elementor-section-content-middle elementor-section-height-default elementor-section-height-default sisf-elementor-content-no\" data-id=\"84052a1\" data-element_type=\"section\">\n\t\t\t\t\t\t<div class=\"elementor-container elementor-column-gap-default\">\n\t\t\t\t\t<div class=\"elementor-column elementor-col-50 elementor-inner-column elementor-element elementor-element-4fb143a\" data-id=\"4fb143a\" data-element_type=\"column\">\n\t\t\t<div class=\"elementor-widget-wrap elementor-element-populated\">\n\t\t\t\t\t\t\t<\/div>\n\t\t<\/div>\n\t\t\t\t<div class=\"elementor-column elementor-col-50 elementor-inner-column elementor-element elementor-element-0ed515c\" data-id=\"0ed515c\" data-element_type=\"column\">\n\t\t\t<div class=\"elementor-widget-wrap elementor-element-populated\">\n\t\t\t\t\t\t<div class=\"elementor-element elementor-element-4d1f5bc elementor-invisible elementor-widget elementor-widget-image\" data-id=\"4d1f5bc\" data-element_type=\"widget\" data-settings=\"{&quot;_animation&quot;:&quot;tada&quot;}\" data-widget_type=\"image.default\">\n\t\t\t\t<div class=\"elementor-widget-container\">\n\t\t\t\t\t\t\t\t\t\t\t\t\t\t\t<img decoding=\"async\" src=\"https:\/\/dishify.wpthemeverse.com\/wp-content\/uploads\/2024\/04\/exploring_img1.png\" title=\"\" alt=\"\" loading=\"lazy\" \/>\t\t\t\t\t\t\t\t\t\t\t\t\t\t\t<\/div>\n\t\t\t\t<\/div>\n\t\t\t\t\t<\/div>\n\t\t<\/div>\n\t\t\t\t\t<\/div>\n\t\t<\/section>\n\t\t\t\t\t<\/div>\n\t\t<\/div>\n\t\t\t\t<div class=\"elementor-column elementor-col-50 elementor-top-column elementor-element elementor-element-1b8f00b\" data-id=\"1b8f00b\" data-element_type=\"column\">\n\t\t\t<div class=\"elementor-widget-wrap elementor-element-populated\">\n\t\t\t\t\t\t<div class=\"elementor-element elementor-element-059fbca elementor-invisible elementor-widget elementor-widget-sis_addons_for_elementor_section_title\" data-id=\"059fbca\" data-element_type=\"widget\" data-settings=\"{&quot;_animation&quot;:&quot;slideInRight&quot;}\" data-widget_type=\"sis_addons_for_elementor_section_title.default\">\n\t\t\t\t<div class=\"elementor-widget-container\">\n\t\t\t\t\t<div class=\"sisf-shortcode sisf-m  sisf-sis-section-title sisf-title-break--disabled sisf-decoration--italic  sisf-link--underline-draw sisf-subtitle-icon--right\">\n\t\t\t\t<h6 class=\"sisf-m-subtitle\">\n\t\tSabores \u00e0 Vista\t\t\t<\/h6>\n\t\t\t<h2 class=\"sisf-m-title\">\n\t\tUma Mostra do fabrico\t<\/h2>\n\t\t\t<div class=\"sisf-m-text\"><p>No Moinho Novo, convidamo-vos a descobrir a arte da do\u00e7aria conventual ao vivo! Atrav\u00e9s da nossa montra, podem acompanhar o fabrico dos nossos doces tradicionais e apreciar o cuidado e a mestria que cada cria\u00e7\u00e3o exige.<\/p><p>Venham espreitar o processo e deixar-se encantar pelos aromas e sabores \u00fanicos!<\/p><\/div>\n\t<\/div>\n\t\t\t\t<\/div>\n\t\t\t\t<\/div>\n\t\t\t\t\t<\/div>\n\t\t<\/div>\n\t\t\t\t\t<\/div>\n\t\t<\/section>\n\t\t\t\t<section class=\"elementor-section elementor-top-section elementor-element elementor-element-2ee116d elementor-section-full_width elementor-section-height-default elementor-section-height-default sisf-elementor-content-no\" data-id=\"2ee116d\" data-element_type=\"section\">\n\t\t\t\t\t\t<div class=\"elementor-container elementor-column-gap-default\">\n\t\t\t\t\t<div class=\"elementor-column elementor-col-100 elementor-top-column elementor-element elementor-element-6f809e0\" data-id=\"6f809e0\" data-element_type=\"column\">\n\t\t\t<div class=\"elementor-widget-wrap elementor-element-populated\">\n\t\t\t\t\t\t<div class=\"elementor-element elementor-element-fb8bd37 elementor-invisible elementor-widget elementor-widget-sis_addons_for_elementor_image_gallery_masonry\" data-id=\"fb8bd37\" data-element_type=\"widget\" data-settings=\"{&quot;_animation&quot;:&quot;bounce&quot;}\" data-widget_type=\"sis_addons_for_elementor_image_gallery_masonry.default\">\n\t\t\t\t<div class=\"elementor-widget-container\">\n\t\t\t\t\t<div class=\"sisf-shortcode sisf-m  sisf-sis-image-gallery-masonry sisf-sis-fslightbox-popup sisf-popup-gallery sisf-image--hover-ripple  sisf-ripple-effect sisf-sis-grid sisf-layout--sis-masonry sisf-items--fixed sisf-col-num--4   sisf-responsive--predefined\">\n\t<div class=\"sisf-grid-inner\">\n\t\t\t<div class=\"sisf-sis-grid-masonry-sizer\"><\/div>\n<div class=\"sisf-e sisf-image-wrapper sisf-grid-item sisf-item--huge-square\">\n\t<div class=\"sisf-e-inner\">\n\t\t\t\t\t\t\t<a class=\"sisf-e-item sisf-popup-item\" itemprop=\"image\" href=\"\" data-type=\"image\" data-fslightbox=\"gallery-1\">\n\t\t\t\t\t\t\t\t\t\t\t\t\t\t<\/a>\n\t\t\t\t<\/div>\n<\/div>\n<div class=\"sisf-e sisf-image-wrapper sisf-grid-item sisf-item--portrait\">\n\t<div class=\"sisf-e-inner\">\n\t\t\t\t\t\t\t<a class=\"sisf-e-item sisf-popup-item\" itemprop=\"image\" href=\"\" data-type=\"image\" data-fslightbox=\"gallery-1\">\n\t\t\t\t\t\t\t\t\t\t\t\t\t\t<\/a>\n\t\t\t\t<\/div>\n<\/div>\n<div class=\"sisf-e sisf-image-wrapper sisf-grid-item sisf-item--\">\n\t<div class=\"sisf-e-inner\">\n\t\t\t\t\t\t\t<a class=\"sisf-e-item sisf-popup-item\" itemprop=\"image\" href=\"\" data-type=\"image\" data-fslightbox=\"gallery-1\">\n\t\t\t\t\t\t\t\t\t\t\t\t\t\t<\/a>\n\t\t\t\t<\/div>\n<\/div>\n<div class=\"sisf-e sisf-image-wrapper sisf-grid-item sisf-item--square\">\n\t<div class=\"sisf-e-inner\">\n\t\t\t\t\t\t\t<a class=\"sisf-e-item sisf-popup-item\" itemprop=\"image\" href=\"\" data-type=\"image\" data-fslightbox=\"gallery-1\">\n\t\t\t\t\t\t\t\t\t\t\t\t\t\t<\/a>\n\t\t\t\t<\/div>\n<\/div>\n<div class=\"sisf-e sisf-image-wrapper sisf-grid-item sisf-item--square\">\n\t<div class=\"sisf-e-inner\">\n\t\t\t\t\t\t\t<a class=\"sisf-e-item sisf-popup-item\" itemprop=\"image\" href=\"\" data-type=\"image\" data-fslightbox=\"gallery-1\">\n\t\t\t\t\t\t\t\t\t\t\t\t\t\t<\/a>\n\t\t\t\t<\/div>\n<\/div>\n<div class=\"sisf-e sisf-image-wrapper sisf-grid-item sisf-item--\">\n\t<div class=\"sisf-e-inner\">\n\t\t\t\t\t\t\t<a class=\"sisf-e-item sisf-popup-item\" itemprop=\"image\" href=\"\" data-type=\"image\" data-fslightbox=\"gallery-1\">\n\t\t\t\t\t\t\t\t\t\t\t\t\t\t<\/a>\n\t\t\t\t<\/div>\n<\/div>\n<div class=\"sisf-e sisf-image-wrapper sisf-grid-item sisf-item--square\">\n\t<div class=\"sisf-e-inner\">\n\t\t\t\t\t\t\t<a class=\"sisf-e-item sisf-popup-item\" itemprop=\"image\" href=\"\" data-type=\"image\" data-fslightbox=\"gallery-1\">\n\t\t\t\t\t\t\t\t\t\t\t\t\t\t<\/a>\n\t\t\t\t<\/div>\n<\/div>\n<div class=\"sisf-e sisf-image-wrapper sisf-grid-item sisf-item--square\">\n\t<div class=\"sisf-e-inner\">\n\t\t\t\t\t\t\t<a class=\"sisf-e-item sisf-popup-item\" itemprop=\"image\" href=\"\" data-type=\"image\" data-fslightbox=\"gallery-1\">\n\t\t\t\t\t\t\t\t\t\t\t\t\t\t<\/a>\n\t\t\t\t<\/div>\n<\/div>\n\t<\/div>\n<\/div>\n\t\t\t\t<\/div>\n\t\t\t\t<\/div>\n\t\t\t\t\t<\/div>\n\t\t<\/div>\n\t\t\t\t\t<\/div>\n\t\t<\/section>\n\t\t\t\t<\/div>","protected":false},"excerpt":{"rendered":"<p>Sabores \u00e0 Vista Uma Mostra do fabrico No Moinho Novo, convidamo-vos a descobrir a arte da do\u00e7aria conventual ao vivo! Atrav\u00e9s da nossa montra, podem acompanhar o fabrico dos nossos doces tradicionais e apreciar o cuidado e a mestria que cada cria\u00e7\u00e3o exige. Venham espreitar o processo e deixar-se encantar pelos aromas e sabores \u00fanicos!<\/p>","protected":false},"author":1,"featured_media":0,"parent":0,"menu_order":0,"comment_status":"closed","ping_status":"closed","template":"","meta":{"footnotes":""},"class_list":["post-3348","page","type-page","status-publish","hentry"],"_links":{"self":[{"href":"https:\/\/moinhonovotentugal.pt\/en\/wp-json\/wp\/v2\/pages\/3348","targetHints":{"allow":["GET"]}}],"collection":[{"href":"https:\/\/moinhonovotentugal.pt\/en\/wp-json\/wp\/v2\/pages"}],"about":[{"href":"https:\/\/moinhonovotentugal.pt\/en\/wp-json\/wp\/v2\/types\/page"}],"author":[{"embeddable":true,"href":"https:\/\/moinhonovotentugal.pt\/en\/wp-json\/wp\/v2\/users\/1"}],"replies":[{"embeddable":true,"href":"https:\/\/moinhonovotentugal.pt\/en\/wp-json\/wp\/v2\/comments?post=3348"}],"version-history":[{"count":4,"href":"https:\/\/moinhonovotentugal.pt\/en\/wp-json\/wp\/v2\/pages\/3348\/revisions"}],"predecessor-version":[{"id":3352,"href":"https:\/\/moinhonovotentugal.pt\/en\/wp-json\/wp\/v2\/pages\/3348\/revisions\/3352"}],"wp:attachment":[{"href":"https:\/\/moinhonovotentugal.pt\/en\/wp-json\/wp\/v2\/media?parent=3348"}],"curies":[{"name":"wp","href":"https:\/\/api.w.org\/{rel}","templated":true}]}}