{"id":3612,"date":"2025-02-18T15:02:25","date_gmt":"2025-02-18T15:02:25","guid":{"rendered":"https:\/\/moinhonovotentugal.pt\/?page_id=3612"},"modified":"2025-02-19T11:11:38","modified_gmt":"2025-02-19T11:11:38","slug":"doces-conventuais","status":"publish","type":"page","link":"https:\/\/moinhonovotentugal.pt\/en\/doces-conventuais\/","title":{"rendered":"Doces Conventuais"},"content":{"rendered":"<div data-elementor-type=\"wp-page\" data-elementor-id=\"3612\" class=\"elementor elementor-3612\" data-elementor-post-type=\"page\">\n\t\t\t\t<div class=\"elementor-element elementor-element-dbbab94 e-flex e-con-boxed e-con e-parent\" data-id=\"dbbab94\" data-element_type=\"container\">\n\t\t\t\t\t<div class=\"e-con-inner\">\n\t\t\t\t<div class=\"elementor-element elementor-element-6d5b14d elementor-widget elementor-widget-sis_addons_for_elementor_section_title\" data-id=\"6d5b14d\" data-element_type=\"widget\" data-widget_type=\"sis_addons_for_elementor_section_title.default\">\n\t\t\t\t<div class=\"elementor-widget-container\">\n\t\t\t\t\t<div class=\"sisf-shortcode sisf-m sisf-center-text sisf-sis-section-title sisf-title-break--disabled sisf-decoration--italic  sisf-link--underline-draw sisf-subtitle-icon--right\">\n\t\t\t\t\t\t<h2 class=\"sisf-m-title\">\n\t\tDoces Conventuais\t<\/h2>\n\t\t\t<div class=\"sisf-m-text\"><p>Sabores aut\u00eanticos que honram a nossa tradi\u00e7\u00e3o com os mais variados doces conventuais de Tent\u00fagal, cada doce \u00e9 feito com dedica\u00e7\u00e3o e os segredos de gera\u00e7\u00f5es.<\/p><\/div>\n\t<\/div>\n\t\t\t\t<\/div>\n\t\t\t\t<\/div>\n\t\t\t\t<div class=\"elementor-element elementor-element-467e833 elementor-widget elementor-widget-sis_addons_for_elementor_image_gallery_masonry\" data-id=\"467e833\" data-element_type=\"widget\" data-widget_type=\"sis_addons_for_elementor_image_gallery_masonry.default\">\n\t\t\t\t<div class=\"elementor-widget-container\">\n\t\t\t\t\t<div class=\"sisf-shortcode sisf-m  sisf-sis-image-gallery-masonry sisf-sis-fslightbox-popup sisf-popup-gallery sisf-image--hover-zoom   sisf-sis-grid sisf-layout--sis-masonry sisf-items--fixed sisf-col-num--3   sisf-responsive--predefined\">\n\t<div class=\"sisf-grid-inner\">\n\t\t\t<div class=\"sisf-sis-grid-masonry-sizer\"><\/div>\n<div class=\"sisf-e sisf-image-wrapper sisf-grid-item sisf-item--\">\n\t<div class=\"sisf-e-inner\">\n\t\t\t\t\t\t\t<a class=\"sisf-e-item sisf-popup-item\" itemprop=\"image\" href=\"https:\/\/moinhonovotentugal.pt\/wp-content\/uploads\/2025\/02\/15.png\" data-type=\"image\" data-fslightbox=\"gallery-1\">\n\t\t\t\t\t\t\t<img fetchpriority=\"high\" decoding=\"async\" width=\"5184\" height=\"3456\" src=\"https:\/\/moinhonovotentugal.pt\/wp-content\/uploads\/2025\/02\/15.png\" class=\"attachment- size-\" alt=\"\" srcset=\"https:\/\/moinhonovotentugal.pt\/wp-content\/uploads\/2025\/02\/15.png 5184w, https:\/\/moinhonovotentugal.pt\/wp-content\/uploads\/2025\/02\/15-300x200.png 300w, https:\/\/moinhonovotentugal.pt\/wp-content\/uploads\/2025\/02\/15-1024x683.png 1024w, https:\/\/moinhonovotentugal.pt\/wp-content\/uploads\/2025\/02\/15-768x512.png 768w, https:\/\/moinhonovotentugal.pt\/wp-content\/uploads\/2025\/02\/15-1536x1024.png 1536w, https:\/\/moinhonovotentugal.pt\/wp-content\/uploads\/2025\/02\/15-2048x1365.png 2048w, https:\/\/moinhonovotentugal.pt\/wp-content\/uploads\/2025\/02\/15-18x12.png 18w, https:\/\/moinhonovotentugal.pt\/wp-content\/uploads\/2025\/02\/15-600x400.png 600w\" sizes=\"(max-width: 5184px) 100vw, 5184px\" \/>\t\t\t\t\t\t\t<\/a>\n\t\t\t\t<\/div>\n<\/div>\n<div class=\"sisf-e sisf-image-wrapper sisf-grid-item sisf-item--\">\n\t<div class=\"sisf-e-inner\">\n\t\t\t\t\t\t\t<a class=\"sisf-e-item sisf-popup-item\" itemprop=\"image\" href=\"https:\/\/moinhonovotentugal.pt\/wp-content\/uploads\/2025\/02\/17.png\" data-type=\"image\" data-fslightbox=\"gallery-1\">\n\t\t\t\t\t\t\t<img decoding=\"async\" width=\"5184\" height=\"3456\" src=\"https:\/\/moinhonovotentugal.pt\/wp-content\/uploads\/2025\/02\/17.png\" class=\"attachment- size-\" alt=\"\" srcset=\"https:\/\/moinhonovotentugal.pt\/wp-content\/uploads\/2025\/02\/17.png 5184w, https:\/\/moinhonovotentugal.pt\/wp-content\/uploads\/2025\/02\/17-300x200.png 300w, https:\/\/moinhonovotentugal.pt\/wp-content\/uploads\/2025\/02\/17-1024x683.png 1024w, https:\/\/moinhonovotentugal.pt\/wp-content\/uploads\/2025\/02\/17-768x512.png 768w, https:\/\/moinhonovotentugal.pt\/wp-content\/uploads\/2025\/02\/17-1536x1024.png 1536w, https:\/\/moinhonovotentugal.pt\/wp-content\/uploads\/2025\/02\/17-2048x1365.png 2048w, https:\/\/moinhonovotentugal.pt\/wp-content\/uploads\/2025\/02\/17-18x12.png 18w, https:\/\/moinhonovotentugal.pt\/wp-content\/uploads\/2025\/02\/17-600x400.png 600w\" sizes=\"(max-width: 5184px) 100vw, 5184px\" \/>\t\t\t\t\t\t\t<\/a>\n\t\t\t\t<\/div>\n<\/div>\n<div class=\"sisf-e sisf-image-wrapper sisf-grid-item sisf-item--\">\n\t<div class=\"sisf-e-inner\">\n\t\t\t\t\t\t\t<a class=\"sisf-e-item sisf-popup-item\" itemprop=\"image\" href=\"https:\/\/moinhonovotentugal.pt\/wp-content\/uploads\/2025\/02\/queijadas-moinho.png\" data-type=\"image\" data-fslightbox=\"gallery-1\">\n\t\t\t\t\t\t\t<img decoding=\"async\" width=\"1080\" height=\"873\" src=\"https:\/\/moinhonovotentugal.pt\/wp-content\/uploads\/2025\/02\/queijadas-moinho.png\" class=\"attachment- size-\" alt=\"\" srcset=\"https:\/\/moinhonovotentugal.pt\/wp-content\/uploads\/2025\/02\/queijadas-moinho.png 1080w, https:\/\/moinhonovotentugal.pt\/wp-content\/uploads\/2025\/02\/queijadas-moinho-300x243.png 300w, https:\/\/moinhonovotentugal.pt\/wp-content\/uploads\/2025\/02\/queijadas-moinho-1024x828.png 1024w, https:\/\/moinhonovotentugal.pt\/wp-content\/uploads\/2025\/02\/queijadas-moinho-768x621.png 768w, https:\/\/moinhonovotentugal.pt\/wp-content\/uploads\/2025\/02\/queijadas-moinho-15x12.png 15w, https:\/\/moinhonovotentugal.pt\/wp-content\/uploads\/2025\/02\/queijadas-moinho-600x485.png 600w\" sizes=\"(max-width: 1080px) 100vw, 1080px\" \/>\t\t\t\t\t\t\t<\/a>\n\t\t\t\t<\/div>\n<\/div>\n\t<\/div>\n<\/div>\n\t\t\t\t<\/div>\n\t\t\t\t<\/div>\n\t\t\t\t\t<\/div>\n\t\t\t\t<\/div>\n\t\t\t\t<\/div>","protected":false},"excerpt":{"rendered":"<p>Doces Conventuais Sabores aut\u00eanticos que honram a nossa tradi\u00e7\u00e3o com os mais variados doces conventuais de Tent\u00fagal, cada doce \u00e9 feito com dedica\u00e7\u00e3o e os segredos de gera\u00e7\u00f5es.<\/p>","protected":false},"author":1,"featured_media":0,"parent":0,"menu_order":0,"comment_status":"closed","ping_status":"closed","template":"","meta":{"footnotes":""},"class_list":["post-3612","page","type-page","status-publish","hentry"],"_links":{"self":[{"href":"https:\/\/moinhonovotentugal.pt\/en\/wp-json\/wp\/v2\/pages\/3612","targetHints":{"allow":["GET"]}}],"collection":[{"href":"https:\/\/moinhonovotentugal.pt\/en\/wp-json\/wp\/v2\/pages"}],"about":[{"href":"https:\/\/moinhonovotentugal.pt\/en\/wp-json\/wp\/v2\/types\/page"}],"author":[{"embeddable":true,"href":"https:\/\/moinhonovotentugal.pt\/en\/wp-json\/wp\/v2\/users\/1"}],"replies":[{"embeddable":true,"href":"https:\/\/moinhonovotentugal.pt\/en\/wp-json\/wp\/v2\/comments?post=3612"}],"version-history":[{"count":9,"href":"https:\/\/moinhonovotentugal.pt\/en\/wp-json\/wp\/v2\/pages\/3612\/revisions"}],"predecessor-version":[{"id":3711,"href":"https:\/\/moinhonovotentugal.pt\/en\/wp-json\/wp\/v2\/pages\/3612\/revisions\/3711"}],"wp:attachment":[{"href":"https:\/\/moinhonovotentugal.pt\/en\/wp-json\/wp\/v2\/media?parent=3612"}],"curies":[{"name":"wp","href":"https:\/\/api.w.org\/{rel}","templated":true}]}}