{"id":3625,"date":"2025-02-18T15:08:48","date_gmt":"2025-02-18T15:08:48","guid":{"rendered":"https:\/\/moinhonovotentugal.pt\/?page_id=3625"},"modified":"2025-02-19T12:32:22","modified_gmt":"2025-02-19T12:32:22","slug":"doces-moinho","status":"publish","type":"page","link":"https:\/\/moinhonovotentugal.pt\/en\/doces-moinho\/","title":{"rendered":"Doces Moinho"},"content":{"rendered":"<div data-elementor-type=\"wp-page\" data-elementor-id=\"3625\" class=\"elementor elementor-3625\" data-elementor-post-type=\"page\">\n\t\t\t\t<div class=\"elementor-element elementor-element-debf453 e-flex e-con-boxed e-con e-parent\" data-id=\"debf453\" data-element_type=\"container\">\n\t\t\t\t\t<div class=\"e-con-inner\">\n\t\t\t\t<div class=\"elementor-element elementor-element-19d62b3 elementor-widget elementor-widget-sis_addons_for_elementor_section_title\" data-id=\"19d62b3\" data-element_type=\"widget\" data-widget_type=\"sis_addons_for_elementor_section_title.default\">\n\t\t\t\t<div class=\"elementor-widget-container\">\n\t\t\t\t\t<div class=\"sisf-shortcode sisf-m sisf-center-text sisf-sis-section-title sisf-title-break--disabled sisf-decoration--italic  sisf-link--underline-draw sisf-subtitle-icon--right\">\n\t\t\t\t\t\t<h2 class=\"sisf-m-title\">\n\t\tDoces Moinho\t<\/h2>\n\t\t\t<div class=\"sisf-m-text\"><p>Cria\u00e7\u00f5es originais que combinam tradi\u00e7\u00e3o e inova\u00e7\u00e3o. Cada doce \u00e9 \u00fanico, pensado para surpreender o paladar e oferecer uma experi\u00eancia exclusiva, s\u00f3 dispon\u00edvel aqui.<\/p><\/div>\n\t<\/div>\n\t\t\t\t<\/div>\n\t\t\t\t<\/div>\n\t\t\t\t<div class=\"elementor-element elementor-element-d71eb3f elementor-widget elementor-widget-sis_addons_for_elementor_image_gallery_masonry\" data-id=\"d71eb3f\" data-element_type=\"widget\" data-widget_type=\"sis_addons_for_elementor_image_gallery_masonry.default\">\n\t\t\t\t<div class=\"elementor-widget-container\">\n\t\t\t\t\t<div class=\"sisf-shortcode sisf-m  sisf-sis-image-gallery-masonry sisf-sis-fslightbox-popup sisf-popup-gallery sisf-image--hover-zoom   sisf-sis-grid sisf-layout--sis-masonry sisf-items--fixed sisf-col-num--3   sisf-responsive--predefined\">\n\t<div class=\"sisf-grid-inner\">\n\t\t\t<div class=\"sisf-sis-grid-masonry-sizer\"><\/div>\n<div class=\"sisf-e sisf-image-wrapper sisf-grid-item sisf-item--\">\n\t<div class=\"sisf-e-inner\">\n\t\t\t\t\t\t\t<a class=\"sisf-e-item sisf-popup-item\" itemprop=\"image\" href=\"https:\/\/moinhonovotentugal.pt\/wp-content\/uploads\/2025\/02\/francelinas.jpg\" data-type=\"image\" data-fslightbox=\"gallery-1\">\n\t\t\t\t\t\t\t<img fetchpriority=\"high\" decoding=\"async\" width=\"1600\" height=\"1066\" src=\"https:\/\/moinhonovotentugal.pt\/wp-content\/uploads\/2025\/02\/francelinas.jpg\" class=\"attachment- size-\" alt=\"\" srcset=\"https:\/\/moinhonovotentugal.pt\/wp-content\/uploads\/2025\/02\/francelinas.jpg 1600w, https:\/\/moinhonovotentugal.pt\/wp-content\/uploads\/2025\/02\/francelinas-300x200.jpg 300w, https:\/\/moinhonovotentugal.pt\/wp-content\/uploads\/2025\/02\/francelinas-1024x682.jpg 1024w, https:\/\/moinhonovotentugal.pt\/wp-content\/uploads\/2025\/02\/francelinas-768x512.jpg 768w, https:\/\/moinhonovotentugal.pt\/wp-content\/uploads\/2025\/02\/francelinas-1536x1023.jpg 1536w, https:\/\/moinhonovotentugal.pt\/wp-content\/uploads\/2025\/02\/francelinas-18x12.jpg 18w, https:\/\/moinhonovotentugal.pt\/wp-content\/uploads\/2025\/02\/francelinas-600x400.jpg 600w\" sizes=\"(max-width: 1600px) 100vw, 1600px\" \/>\t\t\t\t\t\t\t<\/a>\n\t\t\t\t<\/div>\n<\/div>\n<div class=\"sisf-e sisf-image-wrapper sisf-grid-item sisf-item--\">\n\t<div class=\"sisf-e-inner\">\n\t\t\t\t\t\t\t<a class=\"sisf-e-item sisf-popup-item\" itemprop=\"image\" href=\"https:\/\/moinhonovotentugal.pt\/wp-content\/uploads\/2025\/02\/moinho-doce-moinho.png\" data-type=\"image\" data-fslightbox=\"gallery-1\">\n\t\t\t\t\t\t\t<img decoding=\"async\" width=\"1080\" height=\"1350\" src=\"https:\/\/moinhonovotentugal.pt\/wp-content\/uploads\/2025\/02\/moinho-doce-moinho.png\" class=\"attachment- size-\" alt=\"\" srcset=\"https:\/\/moinhonovotentugal.pt\/wp-content\/uploads\/2025\/02\/moinho-doce-moinho.png 1080w, https:\/\/moinhonovotentugal.pt\/wp-content\/uploads\/2025\/02\/moinho-doce-moinho-240x300.png 240w, https:\/\/moinhonovotentugal.pt\/wp-content\/uploads\/2025\/02\/moinho-doce-moinho-819x1024.png 819w, https:\/\/moinhonovotentugal.pt\/wp-content\/uploads\/2025\/02\/moinho-doce-moinho-768x960.png 768w, https:\/\/moinhonovotentugal.pt\/wp-content\/uploads\/2025\/02\/moinho-doce-moinho-10x12.png 10w, https:\/\/moinhonovotentugal.pt\/wp-content\/uploads\/2025\/02\/moinho-doce-moinho-600x750.png 600w\" sizes=\"(max-width: 1080px) 100vw, 1080px\" \/>\t\t\t\t\t\t\t<\/a>\n\t\t\t\t<\/div>\n<\/div>\n<div class=\"sisf-e sisf-image-wrapper sisf-grid-item sisf-item--\">\n\t<div class=\"sisf-e-inner\">\n\t\t\t\t\t\t\t<a class=\"sisf-e-item sisf-popup-item\" itemprop=\"image\" href=\"https:\/\/moinhonovotentugal.pt\/wp-content\/uploads\/2025\/02\/moinho-doce-xpto.png\" data-type=\"image\" data-fslightbox=\"gallery-1\">\n\t\t\t\t\t\t\t<img decoding=\"async\" width=\"1080\" height=\"1350\" src=\"https:\/\/moinhonovotentugal.pt\/wp-content\/uploads\/2025\/02\/moinho-doce-xpto.png\" class=\"attachment- size-\" alt=\"\" srcset=\"https:\/\/moinhonovotentugal.pt\/wp-content\/uploads\/2025\/02\/moinho-doce-xpto.png 1080w, https:\/\/moinhonovotentugal.pt\/wp-content\/uploads\/2025\/02\/moinho-doce-xpto-240x300.png 240w, https:\/\/moinhonovotentugal.pt\/wp-content\/uploads\/2025\/02\/moinho-doce-xpto-819x1024.png 819w, https:\/\/moinhonovotentugal.pt\/wp-content\/uploads\/2025\/02\/moinho-doce-xpto-768x960.png 768w, https:\/\/moinhonovotentugal.pt\/wp-content\/uploads\/2025\/02\/moinho-doce-xpto-10x12.png 10w, https:\/\/moinhonovotentugal.pt\/wp-content\/uploads\/2025\/02\/moinho-doce-xpto-600x750.png 600w\" sizes=\"(max-width: 1080px) 100vw, 1080px\" \/>\t\t\t\t\t\t\t<\/a>\n\t\t\t\t<\/div>\n<\/div>\n\t<\/div>\n<\/div>\n\t\t\t\t<\/div>\n\t\t\t\t<\/div>\n\t\t\t\t\t<\/div>\n\t\t\t\t<\/div>\n\t\t\t\t<\/div>","protected":false},"excerpt":{"rendered":"<p>Doces Moinho Cria\u00e7\u00f5es originais que combinam tradi\u00e7\u00e3o e inova\u00e7\u00e3o. Cada doce \u00e9 \u00fanico, pensado para surpreender o paladar e oferecer uma experi\u00eancia exclusiva, s\u00f3 dispon\u00edvel aqui.<\/p>","protected":false},"author":1,"featured_media":0,"parent":0,"menu_order":0,"comment_status":"closed","ping_status":"closed","template":"","meta":{"footnotes":""},"class_list":["post-3625","page","type-page","status-publish","hentry"],"_links":{"self":[{"href":"https:\/\/moinhonovotentugal.pt\/en\/wp-json\/wp\/v2\/pages\/3625","targetHints":{"allow":["GET"]}}],"collection":[{"href":"https:\/\/moinhonovotentugal.pt\/en\/wp-json\/wp\/v2\/pages"}],"about":[{"href":"https:\/\/moinhonovotentugal.pt\/en\/wp-json\/wp\/v2\/types\/page"}],"author":[{"embeddable":true,"href":"https:\/\/moinhonovotentugal.pt\/en\/wp-json\/wp\/v2\/users\/1"}],"replies":[{"embeddable":true,"href":"https:\/\/moinhonovotentugal.pt\/en\/wp-json\/wp\/v2\/comments?post=3625"}],"version-history":[{"count":15,"href":"https:\/\/moinhonovotentugal.pt\/en\/wp-json\/wp\/v2\/pages\/3625\/revisions"}],"predecessor-version":[{"id":3726,"href":"https:\/\/moinhonovotentugal.pt\/en\/wp-json\/wp\/v2\/pages\/3625\/revisions\/3726"}],"wp:attachment":[{"href":"https:\/\/moinhonovotentugal.pt\/en\/wp-json\/wp\/v2\/media?parent=3625"}],"curies":[{"name":"wp","href":"https:\/\/api.w.org\/{rel}","templated":true}]}}