{"id":3645,"date":"2025-02-18T16:33:22","date_gmt":"2025-02-18T16:33:22","guid":{"rendered":"https:\/\/moinhonovotentugal.pt\/?page_id=3645"},"modified":"2025-02-18T16:34:46","modified_gmt":"2025-02-18T16:34:46","slug":"doces-tentugal","status":"publish","type":"page","link":"https:\/\/moinhonovotentugal.pt\/en\/doces-tentugal\/","title":{"rendered":"Doces Tent\u00fagal"},"content":{"rendered":"<div data-elementor-type=\"wp-page\" data-elementor-id=\"3645\" class=\"elementor elementor-3645\" data-elementor-post-type=\"page\">\n\t\t\t\t<div class=\"elementor-element elementor-element-bba81f4 e-flex e-con-boxed e-con e-parent\" data-id=\"bba81f4\" data-element_type=\"container\">\n\t\t\t\t\t<div class=\"e-con-inner\">\n\t\t\t\t<div class=\"elementor-element elementor-element-d398e98 elementor-widget elementor-widget-sis_addons_for_elementor_section_title\" data-id=\"d398e98\" data-element_type=\"widget\" data-widget_type=\"sis_addons_for_elementor_section_title.default\">\n\t\t\t\t<div class=\"elementor-widget-container\">\n\t\t\t\t\t<div class=\"sisf-shortcode sisf-m sisf-center-text sisf-sis-section-title sisf-title-break--disabled sisf-decoration--italic  sisf-link--underline-draw sisf-subtitle-icon--right\">\n\t\t\t\t\t\t<h2 class=\"sisf-m-title\">\n\t\tDoces Tent\u00fagal\t<\/h2>\n\t\t\t<div class=\"sisf-m-text\"><p>Sabores t\u00edpicos da do\u00e7aria de Tent\u00fagal. Oferecemos uma sele\u00e7\u00e3o de especialidades locais, feitas com ingredientes tradicionais e muita paix\u00e3o.<\/p><\/div>\n\t<\/div>\n\t\t\t\t<\/div>\n\t\t\t\t<\/div>\n\t\t\t\t<div class=\"elementor-element elementor-element-234b1fe elementor-widget elementor-widget-sis_addons_for_elementor_image_gallery_masonry\" data-id=\"234b1fe\" data-element_type=\"widget\" data-widget_type=\"sis_addons_for_elementor_image_gallery_masonry.default\">\n\t\t\t\t<div class=\"elementor-widget-container\">\n\t\t\t\t\t<div class=\"sisf-shortcode sisf-m  sisf-sis-image-gallery-masonry sisf-sis-fslightbox-popup sisf-popup-gallery sisf-image--hover-zoom   sisf-sis-grid sisf-layout--sis-masonry sisf-items--fixed sisf-col-num--3   sisf-responsive--predefined\">\n\t<div class=\"sisf-grid-inner\">\n\t\t\t<div class=\"sisf-sis-grid-masonry-sizer\"><\/div>\n<div class=\"sisf-e sisf-image-wrapper sisf-grid-item sisf-item--\">\n\t<div class=\"sisf-e-inner\">\n\t\t\t\t\t\t\t<a class=\"sisf-e-item sisf-popup-item\" itemprop=\"image\" href=\"https:\/\/moinhonovotentugal.pt\/wp-content\/uploads\/2025\/02\/bf.png\" data-type=\"image\" data-fslightbox=\"gallery-1\">\n\t\t\t\t\t\t\t<img fetchpriority=\"high\" decoding=\"async\" width=\"2176\" height=\"4608\" src=\"https:\/\/moinhonovotentugal.pt\/wp-content\/uploads\/2025\/02\/bf.png\" class=\"attachment- size-\" alt=\"\" srcset=\"https:\/\/moinhonovotentugal.pt\/wp-content\/uploads\/2025\/02\/bf.png 2176w, https:\/\/moinhonovotentugal.pt\/wp-content\/uploads\/2025\/02\/bf-142x300.png 142w, https:\/\/moinhonovotentugal.pt\/wp-content\/uploads\/2025\/02\/bf-484x1024.png 484w, https:\/\/moinhonovotentugal.pt\/wp-content\/uploads\/2025\/02\/bf-768x1626.png 768w, https:\/\/moinhonovotentugal.pt\/wp-content\/uploads\/2025\/02\/bf-725x1536.png 725w, https:\/\/moinhonovotentugal.pt\/wp-content\/uploads\/2025\/02\/bf-967x2048.png 967w, https:\/\/moinhonovotentugal.pt\/wp-content\/uploads\/2025\/02\/bf-6x12.png 6w, https:\/\/moinhonovotentugal.pt\/wp-content\/uploads\/2025\/02\/bf-600x1271.png 600w\" sizes=\"(max-width: 2176px) 100vw, 2176px\" \/>\t\t\t\t\t\t\t<\/a>\n\t\t\t\t<\/div>\n<\/div>\n\t<\/div>\n<\/div>\n\t\t\t\t<\/div>\n\t\t\t\t<\/div>\n\t\t\t\t\t<\/div>\n\t\t\t\t<\/div>\n\t\t\t\t<\/div>","protected":false},"excerpt":{"rendered":"<p>Doces Tent\u00fagal Sabores t\u00edpicos da do\u00e7aria de Tent\u00fagal. Oferecemos uma sele\u00e7\u00e3o de especialidades locais, feitas com ingredientes tradicionais e muita paix\u00e3o.<\/p>","protected":false},"author":1,"featured_media":0,"parent":0,"menu_order":0,"comment_status":"closed","ping_status":"closed","template":"","meta":{"footnotes":""},"class_list":["post-3645","page","type-page","status-publish","hentry"],"_links":{"self":[{"href":"https:\/\/moinhonovotentugal.pt\/en\/wp-json\/wp\/v2\/pages\/3645","targetHints":{"allow":["GET"]}}],"collection":[{"href":"https:\/\/moinhonovotentugal.pt\/en\/wp-json\/wp\/v2\/pages"}],"about":[{"href":"https:\/\/moinhonovotentugal.pt\/en\/wp-json\/wp\/v2\/types\/page"}],"author":[{"embeddable":true,"href":"https:\/\/moinhonovotentugal.pt\/en\/wp-json\/wp\/v2\/users\/1"}],"replies":[{"embeddable":true,"href":"https:\/\/moinhonovotentugal.pt\/en\/wp-json\/wp\/v2\/comments?post=3645"}],"version-history":[{"count":3,"href":"https:\/\/moinhonovotentugal.pt\/en\/wp-json\/wp\/v2\/pages\/3645\/revisions"}],"predecessor-version":[{"id":3648,"href":"https:\/\/moinhonovotentugal.pt\/en\/wp-json\/wp\/v2\/pages\/3645\/revisions\/3648"}],"wp:attachment":[{"href":"https:\/\/moinhonovotentugal.pt\/en\/wp-json\/wp\/v2\/media?parent=3645"}],"curies":[{"name":"wp","href":"https:\/\/api.w.org\/{rel}","templated":true}]}}